{"id":3608,"date":"2025-08-15T16:11:16","date_gmt":"2025-08-16T02:11:16","guid":{"rendered":"https:\/\/www.tahitiplaisirs.com\/?post_type=product&#038;p=3608"},"modified":"2026-04-14T14:07:03","modified_gmt":"2026-04-15T00:07:03","slug":"lubrifiant-toko-aroma-vin-petillant-a-la-fraise","status":"publish","type":"product","link":"https:\/\/www.tahitiplaisirs.com\/en\/product\/lubrifiant-toko-aroma-vin-petillant-a-la-fraise\/","title":{"rendered":"Lubrifiant Toko Aroma vin p\u00e9tillant \u00e0 la fraise"},"content":{"rendered":"","protected":false},"excerpt":{"rendered":"<p>Lubrifiant saveur vin p\u00e9tillant \u00e0 la fraise de Toko Aroma<\/p>\n<div class=\"tab-content col-sm-9 col-md-9 col-lg-9\">\n<div id=\"product-description-tab-content\" class=\"product-description-tab-content tab-pane active\">\n<div class=\"rte\">\n<p>Toko Aroma est un lubrifiant qui ne laisse aucun arri\u00e8re-go\u00fbt ! La formulation Aroma a \u00e9t\u00e9 \u00e9labor\u00e9e avec une seule id\u00e9e en t\u00eate : cr\u00e9er un lubrifiant performant au d\u00e9licieux go\u00fbt de fruits frais tout en conservant une texture ultra soyeuse qui procure une lubrification sans fin.<\/p>\n<p><strong>Avantages<\/strong><\/p>\n<p>Saveur excitante<\/p>\n<p>Formule \u00e0 base d\u2019eau<\/p>\n<p>Ultra soyeux<\/p>\n<p>Ne tache pas<\/p>\n<p>Extra longue dur\u00e9e<\/p>\n<p><strong>Mode d\u2019emploi<\/strong><\/p>\n<p>Versez une petite quantit\u00e9 dans le creux de la main et appliquez sur les parties intimes ou un pr\u00e9servatif afin de faciliter la p\u00e9n\u00e9tration.<\/p>\n<p><strong>Caract\u00e9ristiques<\/strong><\/p>\n<p>Marquage CE, Sans parfum, Sans gluten, Sans parab\u00e8nes, Sans sucres,<\/p>\n<p>Compatible avec tous les jouets pour adulte en latex, silicone, v\u00e9g\u00e9talien &#8230;<\/p>\n<p>Comestible,<\/p>\n<p>Utiliser dans les 24 mois apr\u00e8s ouverture,<\/p>\n<p>Se rince avec de l\u2019eau<\/p>\n<p>Contenance : 165ml<\/p>\n<\/div>\n<\/div>\n<\/div>","protected":false},"featured_media":7673,"template":"","meta":[],"product_brand":[90],"product_cat":[49,50],"product_tag":[],"class_list":{"0":"post-3608","1":"product","2":"type-product","3":"status-publish","4":"has-post-thumbnail","6":"product_brand-shunga-erotic-art","7":"product_cat-bien-etre","8":"product_cat-lubrifiants","11":"instock","12":"taxable","13":"shipping-taxable","14":"purchasable","15":"product-type-simple","16":"product-grid-view"},"_links":{"self":[{"href":"https:\/\/www.tahitiplaisirs.com\/en\/wp-json\/wp\/v2\/product\/3608","targetHints":{"allow":["GET"]}}],"collection":[{"href":"https:\/\/www.tahitiplaisirs.com\/en\/wp-json\/wp\/v2\/product"}],"about":[{"href":"https:\/\/www.tahitiplaisirs.com\/en\/wp-json\/wp\/v2\/types\/product"}],"version-history":[{"count":2,"href":"https:\/\/www.tahitiplaisirs.com\/en\/wp-json\/wp\/v2\/product\/3608\/revisions"}],"predecessor-version":[{"id":9512,"href":"https:\/\/www.tahitiplaisirs.com\/en\/wp-json\/wp\/v2\/product\/3608\/revisions\/9512"}],"wp:featuredmedia":[{"embeddable":true,"href":"https:\/\/www.tahitiplaisirs.com\/en\/wp-json\/wp\/v2\/media\/7673"}],"wp:attachment":[{"href":"https:\/\/www.tahitiplaisirs.com\/en\/wp-json\/wp\/v2\/media?parent=3608"}],"wp:term":[{"taxonomy":"product_brand","embeddable":true,"href":"https:\/\/www.tahitiplaisirs.com\/en\/wp-json\/wp\/v2\/product_brand?post=3608"},{"taxonomy":"product_cat","embeddable":true,"href":"https:\/\/www.tahitiplaisirs.com\/en\/wp-json\/wp\/v2\/product_cat?post=3608"},{"taxonomy":"product_tag","embeddable":true,"href":"https:\/\/www.tahitiplaisirs.com\/en\/wp-json\/wp\/v2\/product_tag?post=3608"}],"curies":[{"name":"wp","href":"https:\/\/api.w.org\/{rel}","templated":true}]}}