{"id":3613,"date":"2025-08-15T16:11:16","date_gmt":"2025-08-16T02:11:16","guid":{"rendered":"https:\/\/www.tahitiplaisirs.com\/?post_type=product&#038;p=3613"},"modified":"2026-02-24T15:19:17","modified_gmt":"2026-02-25T01:19:17","slug":"anneau-metallique-47mm","status":"publish","type":"product","link":"https:\/\/www.tahitiplaisirs.com\/en\/product\/anneau-metallique-47mm\/","title":{"rendered":"Anneau m\u00e9tallique 47,5mm"},"content":{"rendered":"","protected":false},"excerpt":{"rendered":"<p>Anneau verrouill\u00e9 de 47,5mm de Locked<\/p>\n<p>D\u00e9couvrez cet anneau verrouill\u00e9 de 4,75cm pour des sensations intenses.<\/p>\n<p>Con\u00e7u pour une exp\u00e9rience unique, ce cockring vous garantit confort et plaisir.<\/p>\n<p>Sa mati\u00e8re de qualit\u00e9 assure une utilisation agr\u00e9able et s\u00e9curis\u00e9e.<\/p>","protected":false},"featured_media":9873,"template":"","meta":[],"product_brand":[140],"product_cat":[68,51],"product_tag":[],"class_list":{"0":"post-3613","1":"product","2":"type-product","3":"status-publish","4":"has-post-thumbnail","6":"product_brand-locked","7":"product_cat-anneaux","8":"product_cat-pour-lui","11":"instock","12":"taxable","13":"shipping-taxable","14":"purchasable","15":"product-type-simple","16":"product-grid-view"},"_links":{"self":[{"href":"https:\/\/www.tahitiplaisirs.com\/en\/wp-json\/wp\/v2\/product\/3613","targetHints":{"allow":["GET"]}}],"collection":[{"href":"https:\/\/www.tahitiplaisirs.com\/en\/wp-json\/wp\/v2\/product"}],"about":[{"href":"https:\/\/www.tahitiplaisirs.com\/en\/wp-json\/wp\/v2\/types\/product"}],"version-history":[{"count":3,"href":"https:\/\/www.tahitiplaisirs.com\/en\/wp-json\/wp\/v2\/product\/3613\/revisions"}],"predecessor-version":[{"id":9872,"href":"https:\/\/www.tahitiplaisirs.com\/en\/wp-json\/wp\/v2\/product\/3613\/revisions\/9872"}],"wp:featuredmedia":[{"embeddable":true,"href":"https:\/\/www.tahitiplaisirs.com\/en\/wp-json\/wp\/v2\/media\/9873"}],"wp:attachment":[{"href":"https:\/\/www.tahitiplaisirs.com\/en\/wp-json\/wp\/v2\/media?parent=3613"}],"wp:term":[{"taxonomy":"product_brand","embeddable":true,"href":"https:\/\/www.tahitiplaisirs.com\/en\/wp-json\/wp\/v2\/product_brand?post=3613"},{"taxonomy":"product_cat","embeddable":true,"href":"https:\/\/www.tahitiplaisirs.com\/en\/wp-json\/wp\/v2\/product_cat?post=3613"},{"taxonomy":"product_tag","embeddable":true,"href":"https:\/\/www.tahitiplaisirs.com\/en\/wp-json\/wp\/v2\/product_tag?post=3613"}],"curies":[{"name":"wp","href":"https:\/\/api.w.org\/{rel}","templated":true}]}}