{"id":3619,"date":"2025-08-15T16:11:16","date_gmt":"2025-08-16T02:11:16","guid":{"rendered":"https:\/\/www.tahitiplaisirs.com\/?post_type=product&#038;p=3619"},"modified":"2026-04-04T11:20:08","modified_gmt":"2026-04-04T21:20:08","slug":"drop-sex-20ml","status":"publish","type":"product","link":"https:\/\/www.tahitiplaisirs.com\/en\/product\/drop-sex-20ml\/","title":{"rendered":"Drop Sex 20ml"},"content":{"rendered":"","protected":false},"excerpt":{"rendered":"<div class=\"a-section content\">\n<p>Drop Sex 20ml de Ruf<\/p>\n<\/div>\n<div class=\"a-section content\">\n<p>Drop sex est un aphrodisiaque aussi bien pour femme que pour homme !<\/p>\n<p>Pour un effet boostant imm\u00e9diat, en prise unique, 15 minutes environ avant l&rsquo;acte, diluez 7 \u00e0 15 gouttes dans une boisson.<\/p>\n<p>En prise journali\u00e8re, ne d\u00e9passez pas 60 gouttes.<\/p>\n<p>En cure : prendre 6 gouttes par jour, les effets se ressentent au bout d&rsquo;une semaine environ.<\/p>\n<p>\u00c0 conserver au r\u00e9frig\u00e9rateur apr\u00e8s ouverture.<\/p>\n<p>Ce compl\u00e9ment aphrodisiaque doit s&rsquo;accompagner d&rsquo;une alimentation diversifi\u00e9e et \u00e9quilibr\u00e9e.<\/p>\n<p>Ne pas d\u00e9passer la dose journali\u00e8re conseill\u00e9e.<\/p>\n<\/div>","protected":false},"featured_media":10531,"template":"","meta":[],"product_brand":[],"product_cat":[49,67,55],"product_tag":[],"class_list":{"0":"post-3619","1":"product","2":"type-product","3":"status-publish","4":"has-post-thumbnail","6":"product_cat-bien-etre","7":"product_cat-stimulants-femmes","8":"product_cat-stimulants-hommes","11":"instock","12":"taxable","13":"shipping-taxable","14":"purchasable","15":"product-type-simple","16":"product-grid-view"},"_links":{"self":[{"href":"https:\/\/www.tahitiplaisirs.com\/en\/wp-json\/wp\/v2\/product\/3619","targetHints":{"allow":["GET"]}}],"collection":[{"href":"https:\/\/www.tahitiplaisirs.com\/en\/wp-json\/wp\/v2\/product"}],"about":[{"href":"https:\/\/www.tahitiplaisirs.com\/en\/wp-json\/wp\/v2\/types\/product"}],"version-history":[{"count":2,"href":"https:\/\/www.tahitiplaisirs.com\/en\/wp-json\/wp\/v2\/product\/3619\/revisions"}],"predecessor-version":[{"id":10535,"href":"https:\/\/www.tahitiplaisirs.com\/en\/wp-json\/wp\/v2\/product\/3619\/revisions\/10535"}],"wp:featuredmedia":[{"embeddable":true,"href":"https:\/\/www.tahitiplaisirs.com\/en\/wp-json\/wp\/v2\/media\/10531"}],"wp:attachment":[{"href":"https:\/\/www.tahitiplaisirs.com\/en\/wp-json\/wp\/v2\/media?parent=3619"}],"wp:term":[{"taxonomy":"product_brand","embeddable":true,"href":"https:\/\/www.tahitiplaisirs.com\/en\/wp-json\/wp\/v2\/product_brand?post=3619"},{"taxonomy":"product_cat","embeddable":true,"href":"https:\/\/www.tahitiplaisirs.com\/en\/wp-json\/wp\/v2\/product_cat?post=3619"},{"taxonomy":"product_tag","embeddable":true,"href":"https:\/\/www.tahitiplaisirs.com\/en\/wp-json\/wp\/v2\/product_tag?post=3619"}],"curies":[{"name":"wp","href":"https:\/\/api.w.org\/{rel}","templated":true}]}}