{"id":3625,"date":"2025-08-15T16:11:16","date_gmt":"2025-08-16T02:11:16","guid":{"rendered":"https:\/\/www.tahitiplaisirs.com\/?post_type=product&#038;p=3625"},"modified":"2026-02-24T15:16:12","modified_gmt":"2026-02-25T01:16:12","slug":"gode-en-verre-n21","status":"publish","type":"product","link":"https:\/\/www.tahitiplaisirs.com\/en\/product\/gode-en-verre-n21\/","title":{"rendered":"Gode en verre n\u00b021"},"content":{"rendered":"","protected":false},"excerpt":{"rendered":"<p>Gode en verre n\u00b021 de Glossy<\/p>\n<p>Dildo en verre incassable offrant un look tr\u00e8s girly avec son corps translucide surmont\u00e9 d&rsquo;un c\u0153ur rose.<\/p>\n<p>Ce dildo en verre est droit, non poreux, sans danger pour le corps avec 3 boules dispos\u00e9es sur sa longueur pour accroitre la stimulation.<\/p>\n<p>Il est tout aussi adapt\u00e9 \u00e0 la stimulation vaginale que la stimulation anale.<\/p>\n<p>Sa composition en verre borosilicate vous permet de le r\u00e9chauffer en le passant sous l\u2019eau chaude ou bien de le refroidir au r\u00e9frig\u00e9rateur pour varier les plaisirs.<\/p>\n<p>Un sextoy en verre chaud d\u00e9tendra les muscles pour une p\u00e9n\u00e9tration plus facile tandis qu\u2019un sextoy froid contractera les muscles pour vous amener a un orgasme de plus en plus intense.<\/p>\n<p>Pour une utilisation id\u00e9ale de votre sextoy, Tahiti Plaisirs vous recommande d&rsquo;utiliser un lubrifiant \u00e0 base d&rsquo;eau.<\/p>\n<p>Veillez aussi \u00e0 bien nettoyer votre dildo avant et apr\u00e8s chaque utilisation.<\/p>\n<p>Attention : Ne jamais le faire bouillir ni le passer au micro-ondes.<\/p>","protected":false},"featured_media":9975,"template":"","meta":[],"product_brand":[141],"product_cat":[53,62,47],"product_tag":[],"class_list":{"0":"post-3625","1":"product","2":"type-product","3":"status-publish","4":"has-post-thumbnail","6":"product_brand-glossy","7":"product_cat-godemichets","8":"product_cat-plaisir-anal","9":"product_cat-sextoys","12":"instock","13":"purchasable","14":"product-type-simple","15":"product-grid-view"},"_links":{"self":[{"href":"https:\/\/www.tahitiplaisirs.com\/en\/wp-json\/wp\/v2\/product\/3625","targetHints":{"allow":["GET"]}}],"collection":[{"href":"https:\/\/www.tahitiplaisirs.com\/en\/wp-json\/wp\/v2\/product"}],"about":[{"href":"https:\/\/www.tahitiplaisirs.com\/en\/wp-json\/wp\/v2\/types\/product"}],"version-history":[{"count":3,"href":"https:\/\/www.tahitiplaisirs.com\/en\/wp-json\/wp\/v2\/product\/3625\/revisions"}],"predecessor-version":[{"id":9980,"href":"https:\/\/www.tahitiplaisirs.com\/en\/wp-json\/wp\/v2\/product\/3625\/revisions\/9980"}],"wp:featuredmedia":[{"embeddable":true,"href":"https:\/\/www.tahitiplaisirs.com\/en\/wp-json\/wp\/v2\/media\/9975"}],"wp:attachment":[{"href":"https:\/\/www.tahitiplaisirs.com\/en\/wp-json\/wp\/v2\/media?parent=3625"}],"wp:term":[{"taxonomy":"product_brand","embeddable":true,"href":"https:\/\/www.tahitiplaisirs.com\/en\/wp-json\/wp\/v2\/product_brand?post=3625"},{"taxonomy":"product_cat","embeddable":true,"href":"https:\/\/www.tahitiplaisirs.com\/en\/wp-json\/wp\/v2\/product_cat?post=3625"},{"taxonomy":"product_tag","embeddable":true,"href":"https:\/\/www.tahitiplaisirs.com\/en\/wp-json\/wp\/v2\/product_tag?post=3625"}],"curies":[{"name":"wp","href":"https:\/\/api.w.org\/{rel}","templated":true}]}}