{"id":3629,"date":"2025-08-15T16:11:16","date_gmt":"2025-08-16T02:11:16","guid":{"rendered":"https:\/\/www.tahitiplaisirs.com\/?post_type=product&#038;p=3629"},"modified":"2026-02-24T15:18:15","modified_gmt":"2026-02-25T01:18:15","slug":"double-dong-b-yours-rose-41cm","status":"publish","type":"product","link":"https:\/\/www.tahitiplaisirs.com\/en\/product\/double-dong-b-yours-rose-41cm\/","title":{"rendered":"Double dong B Yours rose 41cm"},"content":{"rendered":"","protected":false},"excerpt":{"rendered":"<p>Double dildo r\u00e9aliste B Yours rose &#8211; 41cm de Blush<\/p>\n<p>Double gode r\u00e9aliste g\u00e9ant de 41 cm de longueur<\/p>\n<p>Forme r\u00e9aliste et tr\u00e8s stimulante, il est id\u00e9al pour des p\u00e9n\u00e9trations profondes ou face \u00e0 face.<\/p>\n<p>Diam\u00e8tre : 3,8cm<\/p>\n<p>Sa mati\u00e8re est douce et flexible.<\/p>\n<p>Article non toxique, ne contient pas de Phtalates<\/p>\n<p>Composition : PVC<\/p>","protected":false},"featured_media":9784,"template":"","meta":[],"product_brand":[126],"product_cat":[53,47],"product_tag":[],"class_list":{"0":"post-3629","1":"product","2":"type-product","3":"status-publish","4":"has-post-thumbnail","6":"product_brand-blush","7":"product_cat-godemichets","8":"product_cat-sextoys","11":"instock","12":"taxable","13":"shipping-taxable","14":"purchasable","15":"product-type-simple","16":"product-grid-view"},"_links":{"self":[{"href":"https:\/\/www.tahitiplaisirs.com\/en\/wp-json\/wp\/v2\/product\/3629","targetHints":{"allow":["GET"]}}],"collection":[{"href":"https:\/\/www.tahitiplaisirs.com\/en\/wp-json\/wp\/v2\/product"}],"about":[{"href":"https:\/\/www.tahitiplaisirs.com\/en\/wp-json\/wp\/v2\/types\/product"}],"version-history":[{"count":2,"href":"https:\/\/www.tahitiplaisirs.com\/en\/wp-json\/wp\/v2\/product\/3629\/revisions"}],"predecessor-version":[{"id":9789,"href":"https:\/\/www.tahitiplaisirs.com\/en\/wp-json\/wp\/v2\/product\/3629\/revisions\/9789"}],"wp:featuredmedia":[{"embeddable":true,"href":"https:\/\/www.tahitiplaisirs.com\/en\/wp-json\/wp\/v2\/media\/9784"}],"wp:attachment":[{"href":"https:\/\/www.tahitiplaisirs.com\/en\/wp-json\/wp\/v2\/media?parent=3629"}],"wp:term":[{"taxonomy":"product_brand","embeddable":true,"href":"https:\/\/www.tahitiplaisirs.com\/en\/wp-json\/wp\/v2\/product_brand?post=3629"},{"taxonomy":"product_cat","embeddable":true,"href":"https:\/\/www.tahitiplaisirs.com\/en\/wp-json\/wp\/v2\/product_cat?post=3629"},{"taxonomy":"product_tag","embeddable":true,"href":"https:\/\/www.tahitiplaisirs.com\/en\/wp-json\/wp\/v2\/product_tag?post=3629"}],"curies":[{"name":"wp","href":"https:\/\/api.w.org\/{rel}","templated":true}]}}