{"id":3632,"date":"2025-08-15T16:11:17","date_gmt":"2025-08-16T02:11:17","guid":{"rendered":"https:\/\/www.tahitiplaisirs.com\/?post_type=product&#038;p=3632"},"modified":"2026-03-21T14:24:13","modified_gmt":"2026-03-22T00:24:13","slug":"boule-yoni-power-2-vert","status":"publish","type":"product","link":"https:\/\/www.tahitiplaisirs.com\/en\/product\/boule-yoni-power-2-vert\/","title":{"rendered":"Boule Yoni Power 2 vert"},"content":{"rendered":"","protected":false},"excerpt":{"rendered":"<p>Boules Yoni Power 2 vert de Satisfyer<\/p>\n<p>Vous pouvez utiliser le Yoni Power 2 pour entra\u00eener vos muscles du plancher pelvien en seulement 15 minutes par jour pour vivre des orgasmes encore plus intenses.<\/p>\n<p>Les diff\u00e9rentes tailles et poids de ces boules permettent une mont\u00e9e lente et progressive.<\/p>\n<p>L&rsquo;entra\u00eenement du plancher pelvien renforce les muscles pour des orgasmes plus intenses.<\/p>\n<p>Fabriqu\u00e9 \u00e0 partir de silicone de qualit\u00e9 m\u00e9dicale super doux, doux pour la peau, doux au toucher et extr\u00eamement hygi\u00e9nique.<\/p>\n<p>Un anneau de retenue permet une utilisation s\u00fbre.<\/p>\n<p>Plus de plaisir pour les hommes et les femmes pendant les rapports sexuels gr\u00e2ce aux constrictions musculaires.<\/p>\n<p>Contrairement aux exercices du plancher pelvien avec d&rsquo;autres boules, le Yoni Power 2 se concentre non seulement sur le poids, mais surtout sur la taille des balles !<\/p>\n<p>Vous commencez avec la balle la plus grosse et la plus lourde (3 cm de diam\u00e8tre, 73 g), ensuite la balle interm\u00e9diaire (2,5 cm de diam\u00e8tre, 44 g) et pour terminer avec la plus petite (2 cm de diam\u00e8tre, 22 g).<\/p>\n<p>Les boules int\u00e9rieures du Yoni Power 2 sont en acier inoxydable et sont recouvertes de silicone souple de qualit\u00e9 m\u00e9dicale, ce qui rend l&rsquo;entra\u00eenement du plancher pelvien particuli\u00e8rement doux et hygi\u00e9nique. Gr\u00e2ce \u00e0 leur forme arrondie et \u00e0 leur traitement sans couture, les balles Ben Wa sont particuli\u00e8rement faciles \u00e0 ins\u00e9rer et tout aussi faciles \u00e0 retirer gr\u00e2ce aux boucles en silicone, ce qui rend le Satisfyer Yoni Power 2 id\u00e9al pour les d\u00e9butants. Les balles Satisfyer Ben Wa peuvent \u00e9galement \u00eatre utilis\u00e9es pour l&rsquo;entra\u00eenement du plancher pelvien apr\u00e8s l&rsquo;accouchement ou pour pr\u00e9venir les fuites urinaires.<\/p>\n<p>Vous pouvez les nettoyer avec de l&rsquo;eau ti\u00e8de et du savon doux.<\/p>","protected":false},"featured_media":8176,"template":"","meta":[],"product_brand":[103],"product_cat":[75,47],"product_tag":[],"class_list":{"0":"post-3632","1":"product","2":"type-product","3":"status-publish","4":"has-post-thumbnail","6":"product_brand-satisfyer","7":"product_cat-oeufs-boules-de-geisha","8":"product_cat-sextoys","11":"instock","12":"taxable","13":"shipping-taxable","14":"purchasable","15":"product-type-simple","16":"product-grid-view"},"_links":{"self":[{"href":"https:\/\/www.tahitiplaisirs.com\/en\/wp-json\/wp\/v2\/product\/3632","targetHints":{"allow":["GET"]}}],"collection":[{"href":"https:\/\/www.tahitiplaisirs.com\/en\/wp-json\/wp\/v2\/product"}],"about":[{"href":"https:\/\/www.tahitiplaisirs.com\/en\/wp-json\/wp\/v2\/types\/product"}],"version-history":[{"count":2,"href":"https:\/\/www.tahitiplaisirs.com\/en\/wp-json\/wp\/v2\/product\/3632\/revisions"}],"predecessor-version":[{"id":9447,"href":"https:\/\/www.tahitiplaisirs.com\/en\/wp-json\/wp\/v2\/product\/3632\/revisions\/9447"}],"wp:featuredmedia":[{"embeddable":true,"href":"https:\/\/www.tahitiplaisirs.com\/en\/wp-json\/wp\/v2\/media\/8176"}],"wp:attachment":[{"href":"https:\/\/www.tahitiplaisirs.com\/en\/wp-json\/wp\/v2\/media?parent=3632"}],"wp:term":[{"taxonomy":"product_brand","embeddable":true,"href":"https:\/\/www.tahitiplaisirs.com\/en\/wp-json\/wp\/v2\/product_brand?post=3632"},{"taxonomy":"product_cat","embeddable":true,"href":"https:\/\/www.tahitiplaisirs.com\/en\/wp-json\/wp\/v2\/product_cat?post=3632"},{"taxonomy":"product_tag","embeddable":true,"href":"https:\/\/www.tahitiplaisirs.com\/en\/wp-json\/wp\/v2\/product_tag?post=3632"}],"curies":[{"name":"wp","href":"https:\/\/api.w.org\/{rel}","templated":true}]}}