{"id":3635,"date":"2025-08-15T16:11:17","date_gmt":"2025-08-16T02:11:17","guid":{"rendered":"https:\/\/www.tahitiplaisirs.com\/?post_type=product&#038;p=3635"},"modified":"2026-03-23T14:26:10","modified_gmt":"2026-03-24T00:26:10","slug":"lubrifiant-toko-aroma-coco","status":"publish","type":"product","link":"https:\/\/www.tahitiplaisirs.com\/en\/product\/lubrifiant-toko-aroma-coco\/","title":{"rendered":"Lubrifiant Toko Aroma coco"},"content":{"rendered":"","protected":false},"excerpt":{"rendered":"<p>Lubrifiant saveur eau de coco de Toko Aroma<\/p>\n<div class=\"tab-content col-sm-9 col-md-9 col-lg-9\">\n<div id=\"product-description-tab-content\" class=\"product-description-tab-content tab-pane active\">\n<div class=\"rte\">\n<p>Toko Aroma est un lubrifiant qui ne laisse aucun arri\u00e8re-go\u00fbt ! La formulation Aroma a \u00e9t\u00e9 \u00e9labor\u00e9e avec une seule id\u00e9e en t\u00eate : cr\u00e9er un lubrifiant performant au d\u00e9licieux go\u00fbt de fruits frais tout en conservant une texture ultra soyeuse qui procure une lubrification sans fin.<\/p>\n<p><strong>Avantages<\/strong><\/p>\n<p>Saveur excitante<\/p>\n<p>Formule \u00e0 base d\u2019eau<\/p>\n<p>Ultra soyeux<\/p>\n<p>Ne tache pas<\/p>\n<p>Extra longue dur\u00e9e<\/p>\n<p><strong>Mode d\u2019emploi<\/strong><\/p>\n<p>Versez une petite quantit\u00e9 dans le creux de la main et appliquez sur les parties intimes ou un pr\u00e9servatif afin de faciliter la p\u00e9n\u00e9tration.<\/p>\n<p><strong>Caract\u00e9ristiques<\/strong><\/p>\n<p>Marquage CE, Sans parfum, Sans gluten, Sans parab\u00e8nes, Sans sucres,<\/p>\n<p>Compatible avec tous les jouets pour adulte en latex, silicone, v\u00e9g\u00e9talien &#8230;<\/p>\n<p>Comestible,<\/p>\n<p>Utiliser dans les 24 mois apr\u00e8s ouverture,<\/p>\n<p>Se rince avec de l\u2019eau<\/p>\n<p>Contenance : 165ml<\/p>\n<\/div>\n<\/div>\n<\/div>","protected":false},"featured_media":7677,"template":"","meta":[],"product_brand":[90,128],"product_cat":[49,50],"product_tag":[],"class_list":{"0":"post-3635","1":"product","2":"type-product","3":"status-publish","4":"has-post-thumbnail","6":"product_brand-shunga-erotic-art","7":"product_brand-toko-aroma","8":"product_cat-bien-etre","9":"product_cat-lubrifiants","12":"instock","13":"taxable","14":"shipping-taxable","15":"purchasable","16":"product-type-simple","17":"product-grid-view"},"_links":{"self":[{"href":"https:\/\/www.tahitiplaisirs.com\/en\/wp-json\/wp\/v2\/product\/3635","targetHints":{"allow":["GET"]}}],"collection":[{"href":"https:\/\/www.tahitiplaisirs.com\/en\/wp-json\/wp\/v2\/product"}],"about":[{"href":"https:\/\/www.tahitiplaisirs.com\/en\/wp-json\/wp\/v2\/types\/product"}],"version-history":[{"count":1,"href":"https:\/\/www.tahitiplaisirs.com\/en\/wp-json\/wp\/v2\/product\/3635\/revisions"}],"predecessor-version":[{"id":3665,"href":"https:\/\/www.tahitiplaisirs.com\/en\/wp-json\/wp\/v2\/product\/3635\/revisions\/3665"}],"wp:featuredmedia":[{"embeddable":true,"href":"https:\/\/www.tahitiplaisirs.com\/en\/wp-json\/wp\/v2\/media\/7677"}],"wp:attachment":[{"href":"https:\/\/www.tahitiplaisirs.com\/en\/wp-json\/wp\/v2\/media?parent=3635"}],"wp:term":[{"taxonomy":"product_brand","embeddable":true,"href":"https:\/\/www.tahitiplaisirs.com\/en\/wp-json\/wp\/v2\/product_brand?post=3635"},{"taxonomy":"product_cat","embeddable":true,"href":"https:\/\/www.tahitiplaisirs.com\/en\/wp-json\/wp\/v2\/product_cat?post=3635"},{"taxonomy":"product_tag","embeddable":true,"href":"https:\/\/www.tahitiplaisirs.com\/en\/wp-json\/wp\/v2\/product_tag?post=3635"}],"curies":[{"name":"wp","href":"https:\/\/api.w.org\/{rel}","templated":true}]}}