{"id":3669,"date":"2026-02-05T08:30:20","date_gmt":"2026-02-05T18:30:20","guid":{"rendered":"https:\/\/www.tahitiplaisirs.com\/?post_type=product&#038;p=3669"},"modified":"2026-03-19T10:40:04","modified_gmt":"2026-03-19T20:40:04","slug":"gaine-transparente-22cm","status":"publish","type":"product","link":"https:\/\/www.tahitiplaisirs.com\/en\/product\/gaine-transparente-22cm\/","title":{"rendered":"Gaine transparente 22cm"},"content":{"rendered":"","protected":false},"excerpt":{"rendered":"<p>Gaine transparente 22,5cm de Get Real<\/p>\n<p>Cette gaine ferm\u00e9e ultra souple avec reliefs donnera un peu plus de volume \u00e0 votre p\u00e9nis mais donnera surtout plus de plaisir \u00e0 votre partenaire !<\/p>\n<div id=\"descContent\" class=\"fpBlk testSep\" data-cs-override-id=\"Descriptif\">\n<p class=\"fpMb\">Le petit plus de cette gaine est qu&rsquo;il vient serrer votre p\u00e9nis pour maintenir, renforcer votre \u00e9rection et retarder l&rsquo;\u00e9jaculation.<\/p>\n<p class=\"fpMb\">Un accessoire 2 en 1 indispensable !<\/p>\n<p class=\"fpMb\">Cette gaine transparente est fabriqu\u00e9e en TPE doux, extensible et souple qui lui permettra de s&rsquo;adapter \u00e0 toutes les tailles de p\u00e9nis.<\/p>\n<\/div>","protected":false},"featured_media":10715,"template":"","meta":[],"product_brand":[118],"product_cat":[76,51,47],"product_tag":[],"class_list":{"0":"post-3669","1":"product","2":"type-product","3":"status-publish","4":"has-post-thumbnail","6":"product_brand-get-real","7":"product_cat-gaines","8":"product_cat-pour-lui","9":"product_cat-sextoys","12":"instock","13":"purchasable","14":"product-type-simple","15":"product-grid-view"},"_links":{"self":[{"href":"https:\/\/www.tahitiplaisirs.com\/en\/wp-json\/wp\/v2\/product\/3669","targetHints":{"allow":["GET"]}}],"collection":[{"href":"https:\/\/www.tahitiplaisirs.com\/en\/wp-json\/wp\/v2\/product"}],"about":[{"href":"https:\/\/www.tahitiplaisirs.com\/en\/wp-json\/wp\/v2\/types\/product"}],"version-history":[{"count":3,"href":"https:\/\/www.tahitiplaisirs.com\/en\/wp-json\/wp\/v2\/product\/3669\/revisions"}],"predecessor-version":[{"id":10714,"href":"https:\/\/www.tahitiplaisirs.com\/en\/wp-json\/wp\/v2\/product\/3669\/revisions\/10714"}],"wp:featuredmedia":[{"embeddable":true,"href":"https:\/\/www.tahitiplaisirs.com\/en\/wp-json\/wp\/v2\/media\/10715"}],"wp:attachment":[{"href":"https:\/\/www.tahitiplaisirs.com\/en\/wp-json\/wp\/v2\/media?parent=3669"}],"wp:term":[{"taxonomy":"product_brand","embeddable":true,"href":"https:\/\/www.tahitiplaisirs.com\/en\/wp-json\/wp\/v2\/product_brand?post=3669"},{"taxonomy":"product_cat","embeddable":true,"href":"https:\/\/www.tahitiplaisirs.com\/en\/wp-json\/wp\/v2\/product_cat?post=3669"},{"taxonomy":"product_tag","embeddable":true,"href":"https:\/\/www.tahitiplaisirs.com\/en\/wp-json\/wp\/v2\/product_tag?post=3669"}],"curies":[{"name":"wp","href":"https:\/\/api.w.org\/{rel}","templated":true}]}}