{"id":3670,"date":"2025-08-15T16:11:20","date_gmt":"2025-08-16T02:11:20","guid":{"rendered":"https:\/\/www.tahitiplaisirs.com\/?post_type=product&#038;p=3670"},"modified":"2026-03-21T14:24:10","modified_gmt":"2026-03-22T00:24:10","slug":"gaine-adonis-noir","status":"publish","type":"product","link":"https:\/\/www.tahitiplaisirs.com\/en\/product\/gaine-adonis-noir\/","title":{"rendered":"Gaine Adonis noir"},"content":{"rendered":"","protected":false},"excerpt":{"rendered":"<p>Gaine Adonis noir de\u00a0CalExotics<\/p>\n<div id=\"descContent\" class=\"fpBlk testSep\" data-cs-override-id=\"Descriptif\">\n<p class=\"fpMb\">Cette gaine ultra souple avec reliefs donnera plus de volume \u00e0 votre p\u00e9nis mais donnera surtout plus de plaisir \u00e0 votre partenaire !<\/p>\n<p class=\"fpMb\">Cette gaine va serrer votre p\u00e9nis pour maintenir et renforcer votre \u00e9rection et retarder l&rsquo;\u00e9jaculation.<\/p>\n<p class=\"fpMb\">Un accessoire 2 en 1 indispensable !<\/p>\n<p class=\"fpMb\">Cette gaine est fabriqu\u00e9e dans un \u00e9lastom\u00e8re 100 % hypoallerg\u00e9nique et souple qui lui permettra de s&rsquo;adapter \u00e0 toutes les tailles de p\u00e9nis.<\/p>\n<p class=\"fpMb\">Longueur : environ 15cm<\/p>\n<\/div>\n<div class=\"fpBlk testSep\" data-cs-override-id=\"Descriptif\">Diam\u00e8tre : environ 4,2cm<\/div>","protected":false},"featured_media":8135,"template":"","meta":[],"product_brand":[117],"product_cat":[76,47],"product_tag":[],"class_list":{"0":"post-3670","1":"product","2":"type-product","3":"status-publish","4":"has-post-thumbnail","6":"product_brand-calexotics","7":"product_cat-gaines","8":"product_cat-sextoys","11":"instock","12":"purchasable","13":"product-type-simple","14":"product-grid-view"},"_links":{"self":[{"href":"https:\/\/www.tahitiplaisirs.com\/en\/wp-json\/wp\/v2\/product\/3670","targetHints":{"allow":["GET"]}}],"collection":[{"href":"https:\/\/www.tahitiplaisirs.com\/en\/wp-json\/wp\/v2\/product"}],"about":[{"href":"https:\/\/www.tahitiplaisirs.com\/en\/wp-json\/wp\/v2\/types\/product"}],"version-history":[{"count":1,"href":"https:\/\/www.tahitiplaisirs.com\/en\/wp-json\/wp\/v2\/product\/3670\/revisions"}],"predecessor-version":[{"id":3700,"href":"https:\/\/www.tahitiplaisirs.com\/en\/wp-json\/wp\/v2\/product\/3670\/revisions\/3700"}],"wp:featuredmedia":[{"embeddable":true,"href":"https:\/\/www.tahitiplaisirs.com\/en\/wp-json\/wp\/v2\/media\/8135"}],"wp:attachment":[{"href":"https:\/\/www.tahitiplaisirs.com\/en\/wp-json\/wp\/v2\/media?parent=3670"}],"wp:term":[{"taxonomy":"product_brand","embeddable":true,"href":"https:\/\/www.tahitiplaisirs.com\/en\/wp-json\/wp\/v2\/product_brand?post=3670"},{"taxonomy":"product_cat","embeddable":true,"href":"https:\/\/www.tahitiplaisirs.com\/en\/wp-json\/wp\/v2\/product_cat?post=3670"},{"taxonomy":"product_tag","embeddable":true,"href":"https:\/\/www.tahitiplaisirs.com\/en\/wp-json\/wp\/v2\/product_tag?post=3670"}],"curies":[{"name":"wp","href":"https:\/\/api.w.org\/{rel}","templated":true}]}}