{"id":3684,"date":"2025-08-15T16:11:21","date_gmt":"2025-08-16T02:11:21","guid":{"rendered":"https:\/\/www.tahitiplaisirs.com\/?post_type=product&#038;p=3684"},"modified":"2026-03-21T14:24:11","modified_gmt":"2026-03-22T00:24:11","slug":"double-gode-silexd-8-7-195cm-175cm","status":"publish","type":"product","link":"https:\/\/www.tahitiplaisirs.com\/en\/product\/double-gode-silexd-8-7-195cm-175cm\/","title":{"rendered":"Double gode 8&Prime;-7&Prime;- 19,5cm &#038; 17,5cm"},"content":{"rendered":"","protected":false},"excerpt":{"rendered":"<p>Double gode r\u00e9aliste double densit\u00e9 n\u00b01 de Silexd<\/p>\n<p>Ce double gode r\u00e9aliste est recouvert d&rsquo;une peau douce en silicone de qualit\u00e9 sup\u00e9rieure.<\/p>\n<p>Sp\u00e9cialement con\u00e7u pour les doubles p\u00e9n\u00e9trations.<\/p>\n<p>L&rsquo;int\u00e9rieur est garni de Silexpan double densit\u00e9 avec un noyau interne dur, pour des sensations tr\u00e8s r\u00e9alistes et une exp\u00e9rience de plaisir incomparable.<\/p>\n<p>Sa m\u00e9moire de forme permet de le plier et il reprendra sa forme.<\/p>\n<p>Thermo-r\u00e9actif, il se ramolli au contact de la chaleur ( 2 minutes dans de l&rsquo;eau bouillante ), placez-le au r\u00e9frig\u00e9rateur et il deviendra tr\u00e8s dur.<\/p>\n<p>Sa solide ventouse permet de l&rsquo;utiliser avec un harnais ou de le ventouser sur une surface plane.<\/p>\n<p>Hauteur totale : 20 cm avec sa ventouse.<\/p>\n<p>Dimensions : 15 cm de longueur de p\u00e9n\u00e9tration sur 4 cm de diam\u00e8tre.<\/p>\n<p>Dimensions : 13 cm de longueur de p\u00e9n\u00e9tration sur 3,5 cm de diam\u00e8tre.<\/p>\n<p>Composition : silexpan, silicone<\/p>","protected":false},"featured_media":8155,"template":"","meta":[],"product_brand":[87],"product_cat":[53,47],"product_tag":[],"class_list":{"0":"post-3684","1":"product","2":"type-product","3":"status-publish","4":"has-post-thumbnail","6":"product_brand-silexd","7":"product_cat-godemichets","8":"product_cat-sextoys","11":"instock","12":"taxable","13":"shipping-taxable","14":"purchasable","15":"product-type-simple","16":"product-grid-view"},"_links":{"self":[{"href":"https:\/\/www.tahitiplaisirs.com\/en\/wp-json\/wp\/v2\/product\/3684","targetHints":{"allow":["GET"]}}],"collection":[{"href":"https:\/\/www.tahitiplaisirs.com\/en\/wp-json\/wp\/v2\/product"}],"about":[{"href":"https:\/\/www.tahitiplaisirs.com\/en\/wp-json\/wp\/v2\/types\/product"}],"version-history":[{"count":2,"href":"https:\/\/www.tahitiplaisirs.com\/en\/wp-json\/wp\/v2\/product\/3684\/revisions"}],"predecessor-version":[{"id":8161,"href":"https:\/\/www.tahitiplaisirs.com\/en\/wp-json\/wp\/v2\/product\/3684\/revisions\/8161"}],"wp:featuredmedia":[{"embeddable":true,"href":"https:\/\/www.tahitiplaisirs.com\/en\/wp-json\/wp\/v2\/media\/8155"}],"wp:attachment":[{"href":"https:\/\/www.tahitiplaisirs.com\/en\/wp-json\/wp\/v2\/media?parent=3684"}],"wp:term":[{"taxonomy":"product_brand","embeddable":true,"href":"https:\/\/www.tahitiplaisirs.com\/en\/wp-json\/wp\/v2\/product_brand?post=3684"},{"taxonomy":"product_cat","embeddable":true,"href":"https:\/\/www.tahitiplaisirs.com\/en\/wp-json\/wp\/v2\/product_cat?post=3684"},{"taxonomy":"product_tag","embeddable":true,"href":"https:\/\/www.tahitiplaisirs.com\/en\/wp-json\/wp\/v2\/product_tag?post=3684"}],"curies":[{"name":"wp","href":"https:\/\/api.w.org\/{rel}","templated":true}]}}