{"id":3687,"date":"2025-08-15T16:11:21","date_gmt":"2025-08-16T02:11:21","guid":{"rendered":"https:\/\/www.tahitiplaisirs.com\/?post_type=product&#038;p=3687"},"modified":"2026-02-24T15:18:10","modified_gmt":"2026-02-25T01:18:10","slug":"erica-1921-s-m-softline","status":"publish","type":"product","link":"https:\/\/www.tahitiplaisirs.com\/en\/product\/erica-1921-s-m-softline\/","title":{"rendered":"Erica 1921 S\/M Softline"},"content":{"rendered":"","protected":false},"excerpt":{"rendered":"<p>\u00c9tudiante Erica S\/M de Softline<\/p>\n<p>Set de l&rsquo;\u00e9tudiante sexy compos\u00e9 un soutien-gorge \u00e0 nouer dans le cou, d&rsquo;une minijupe assortie \u00e0 une culotte orn\u00e9e de bretelles d\u00e9coratives et d&rsquo;une cravate blanche.<\/p>\n<p>Ce set est confectionn\u00e9 dans un joli tissu \u00e0 carreaux rouges.<\/p>\n<p>Composition : 80% Polyamide et 20% \u00c9lasthanne.<\/p>","protected":false},"featured_media":10044,"template":"","meta":[],"product_brand":[],"product_cat":[73,63,85],"product_tag":[],"class_list":{"0":"post-3687","1":"product","2":"type-product","3":"status-publish","4":"has-post-thumbnail","6":"product_cat-lingerie-sexy","7":"product_cat-pour-elle","8":"product_cat-tenues-coquines","11":"instock","12":"taxable","13":"shipping-taxable","14":"purchasable","15":"product-type-simple","16":"product-grid-view"},"_links":{"self":[{"href":"https:\/\/www.tahitiplaisirs.com\/en\/wp-json\/wp\/v2\/product\/3687","targetHints":{"allow":["GET"]}}],"collection":[{"href":"https:\/\/www.tahitiplaisirs.com\/en\/wp-json\/wp\/v2\/product"}],"about":[{"href":"https:\/\/www.tahitiplaisirs.com\/en\/wp-json\/wp\/v2\/types\/product"}],"version-history":[{"count":4,"href":"https:\/\/www.tahitiplaisirs.com\/en\/wp-json\/wp\/v2\/product\/3687\/revisions"}],"predecessor-version":[{"id":10075,"href":"https:\/\/www.tahitiplaisirs.com\/en\/wp-json\/wp\/v2\/product\/3687\/revisions\/10075"}],"wp:featuredmedia":[{"embeddable":true,"href":"https:\/\/www.tahitiplaisirs.com\/en\/wp-json\/wp\/v2\/media\/10044"}],"wp:attachment":[{"href":"https:\/\/www.tahitiplaisirs.com\/en\/wp-json\/wp\/v2\/media?parent=3687"}],"wp:term":[{"taxonomy":"product_brand","embeddable":true,"href":"https:\/\/www.tahitiplaisirs.com\/en\/wp-json\/wp\/v2\/product_brand?post=3687"},{"taxonomy":"product_cat","embeddable":true,"href":"https:\/\/www.tahitiplaisirs.com\/en\/wp-json\/wp\/v2\/product_cat?post=3687"},{"taxonomy":"product_tag","embeddable":true,"href":"https:\/\/www.tahitiplaisirs.com\/en\/wp-json\/wp\/v2\/product_tag?post=3687"}],"curies":[{"name":"wp","href":"https:\/\/api.w.org\/{rel}","templated":true}]}}