{"id":3691,"date":"2025-08-15T16:11:21","date_gmt":"2025-08-16T02:11:21","guid":{"rendered":"https:\/\/www.tahitiplaisirs.com\/?post_type=product&#038;p=3691"},"modified":"2026-03-21T14:24:09","modified_gmt":"2026-03-22T00:24:09","slug":"nuisette-nora-2xl-3xl","status":"publish","type":"product","link":"https:\/\/www.tahitiplaisirs.com\/en\/product\/nuisette-nora-2xl-3xl\/","title":{"rendered":"Nuisette Nora 2XL\/3XL"},"content":{"rendered":"","protected":false},"excerpt":{"rendered":"<p>Nuisette Nora 2X-Large\/3X-Large de Avanua<\/p>\n<p>Ensemble 2 pi\u00e8ces comprenant<\/p>\n<p>&#8211; une nuisette en fine r\u00e9sille et tissu noir opaque fluide. Bonnets translucides en micro r\u00e9sille et un tour de cou noir avec n\u0153ud en satin rose<\/p>\n<p>&#8211; un string noir<\/p>\n<p>&#8211; 75% polyester &#8211; 15 % polyamide &#8211; 10 % \u00e9lasthanne<\/p>","protected":false},"featured_media":8151,"template":"","meta":[],"product_brand":[],"product_cat":[73,74],"product_tag":[],"class_list":{"0":"post-3691","1":"product","2":"type-product","3":"status-publish","4":"has-post-thumbnail","6":"product_cat-lingerie-sexy","7":"product_cat-nuisettes-bodys-et-set","10":"instock","11":"taxable","12":"shipping-taxable","13":"purchasable","14":"product-type-simple","15":"product-grid-view"},"_links":{"self":[{"href":"https:\/\/www.tahitiplaisirs.com\/en\/wp-json\/wp\/v2\/product\/3691","targetHints":{"allow":["GET"]}}],"collection":[{"href":"https:\/\/www.tahitiplaisirs.com\/en\/wp-json\/wp\/v2\/product"}],"about":[{"href":"https:\/\/www.tahitiplaisirs.com\/en\/wp-json\/wp\/v2\/types\/product"}],"version-history":[{"count":2,"href":"https:\/\/www.tahitiplaisirs.com\/en\/wp-json\/wp\/v2\/product\/3691\/revisions"}],"predecessor-version":[{"id":11002,"href":"https:\/\/www.tahitiplaisirs.com\/en\/wp-json\/wp\/v2\/product\/3691\/revisions\/11002"}],"wp:featuredmedia":[{"embeddable":true,"href":"https:\/\/www.tahitiplaisirs.com\/en\/wp-json\/wp\/v2\/media\/8151"}],"wp:attachment":[{"href":"https:\/\/www.tahitiplaisirs.com\/en\/wp-json\/wp\/v2\/media?parent=3691"}],"wp:term":[{"taxonomy":"product_brand","embeddable":true,"href":"https:\/\/www.tahitiplaisirs.com\/en\/wp-json\/wp\/v2\/product_brand?post=3691"},{"taxonomy":"product_cat","embeddable":true,"href":"https:\/\/www.tahitiplaisirs.com\/en\/wp-json\/wp\/v2\/product_cat?post=3691"},{"taxonomy":"product_tag","embeddable":true,"href":"https:\/\/www.tahitiplaisirs.com\/en\/wp-json\/wp\/v2\/product_tag?post=3691"}],"curies":[{"name":"wp","href":"https:\/\/api.w.org\/{rel}","templated":true}]}}