{"id":3693,"date":"2025-08-15T16:11:21","date_gmt":"2025-08-16T02:11:21","guid":{"rendered":"https:\/\/www.tahitiplaisirs.com\/?post_type=product&#038;p=3693"},"modified":"2026-03-21T14:24:06","modified_gmt":"2026-03-22T00:24:06","slug":"shorty-gusta-noir-l-xl","status":"publish","type":"product","link":"https:\/\/www.tahitiplaisirs.com\/en\/product\/shorty-gusta-noir-l-xl\/","title":{"rendered":"Shorty Gusta noir L\/XL"},"content":{"rendered":"","protected":false},"excerpt":{"rendered":"<p>Shorty Gusta noir L\/XL de Obsessive<\/p>\n<p>Collection : Sexy<\/p>\n<p>Tr\u00e8s sensuel, le shorty Gusta est \u00e0 la fois innocent, facile \u00e0 porter et sexy&#8230;<\/p>\n<p>En tissu noir, fin et confortable, il est opaque \u00e0 l&rsquo;avant, et transparent sur les cot\u00e9 et \u00e0 l&rsquo;arri\u00e8re pour d\u00e9voiler vos charmes de mani\u00e8re subtile&#8230;<\/p>\n<p>Orn\u00e9 de finitions raffin\u00e9es en dentelle\u00a0 sur les bordures, et d&rsquo;un petit n\u0153ud de satin sur l&rsquo;avant.<\/p>\n<p>Composition : 94% Polyamide, 6% \u00c9lasthanne<\/p>","protected":false},"featured_media":8145,"template":"","meta":[],"product_brand":[92],"product_cat":[73,80],"product_tag":[],"class_list":{"0":"post-3693","1":"product","2":"type-product","3":"status-publish","4":"has-post-thumbnail","6":"product_brand-obsessive","7":"product_cat-lingerie-sexy","8":"product_cat-strings-culottes-et-tangas","11":"instock","12":"taxable","13":"shipping-taxable","14":"purchasable","15":"product-type-simple","16":"product-grid-view"},"_links":{"self":[{"href":"https:\/\/www.tahitiplaisirs.com\/en\/wp-json\/wp\/v2\/product\/3693","targetHints":{"allow":["GET"]}}],"collection":[{"href":"https:\/\/www.tahitiplaisirs.com\/en\/wp-json\/wp\/v2\/product"}],"about":[{"href":"https:\/\/www.tahitiplaisirs.com\/en\/wp-json\/wp\/v2\/types\/product"}],"version-history":[{"count":1,"href":"https:\/\/www.tahitiplaisirs.com\/en\/wp-json\/wp\/v2\/product\/3693\/revisions"}],"predecessor-version":[{"id":3723,"href":"https:\/\/www.tahitiplaisirs.com\/en\/wp-json\/wp\/v2\/product\/3693\/revisions\/3723"}],"wp:featuredmedia":[{"embeddable":true,"href":"https:\/\/www.tahitiplaisirs.com\/en\/wp-json\/wp\/v2\/media\/8145"}],"wp:attachment":[{"href":"https:\/\/www.tahitiplaisirs.com\/en\/wp-json\/wp\/v2\/media?parent=3693"}],"wp:term":[{"taxonomy":"product_brand","embeddable":true,"href":"https:\/\/www.tahitiplaisirs.com\/en\/wp-json\/wp\/v2\/product_brand?post=3693"},{"taxonomy":"product_cat","embeddable":true,"href":"https:\/\/www.tahitiplaisirs.com\/en\/wp-json\/wp\/v2\/product_cat?post=3693"},{"taxonomy":"product_tag","embeddable":true,"href":"https:\/\/www.tahitiplaisirs.com\/en\/wp-json\/wp\/v2\/product_tag?post=3693"}],"curies":[{"name":"wp","href":"https:\/\/api.w.org\/{rel}","templated":true}]}}