{"id":3695,"date":"2025-08-15T16:11:21","date_gmt":"2025-08-16T02:11:21","guid":{"rendered":"https:\/\/www.tahitiplaisirs.com\/?post_type=product&#038;p=3695"},"modified":"2026-03-21T14:24:04","modified_gmt":"2026-03-22T00:24:04","slug":"shorty-barbiella-rose-s-m","status":"publish","type":"product","link":"https:\/\/www.tahitiplaisirs.com\/en\/product\/shorty-barbiella-rose-s-m\/","title":{"rendered":"Shorty Barbiella rose S\/M"},"content":{"rendered":"","protected":false},"excerpt":{"rendered":"<p>Shorty Barbiella rose S\/M de Obsessive<\/p>\n<p>Collection : Sexy<\/p>\n<p>Tr\u00e8s sensuel, le shorty Barbiella en tissu rose, fin et confortable, est \u00e0 la fois innocent, facile \u00e0 porter et sexy&#8230;<\/p>\n<p>Orn\u00e9 de finitions raffin\u00e9es en dentelle sur les bordures et d&rsquo;un petit n\u0153ud de satin sur l&rsquo;avant.<\/p>\n<p>Composition : 88% Polyamide, 12% \u00c9lasthanne.<\/p>","protected":false},"featured_media":8147,"template":"","meta":[],"product_brand":[92],"product_cat":[73,80],"product_tag":[],"class_list":{"0":"post-3695","1":"product","2":"type-product","3":"status-publish","4":"has-post-thumbnail","6":"product_brand-obsessive","7":"product_cat-lingerie-sexy","8":"product_cat-strings-culottes-et-tangas","11":"instock","12":"taxable","13":"shipping-taxable","14":"purchasable","15":"product-type-simple","16":"product-grid-view"},"_links":{"self":[{"href":"https:\/\/www.tahitiplaisirs.com\/en\/wp-json\/wp\/v2\/product\/3695","targetHints":{"allow":["GET"]}}],"collection":[{"href":"https:\/\/www.tahitiplaisirs.com\/en\/wp-json\/wp\/v2\/product"}],"about":[{"href":"https:\/\/www.tahitiplaisirs.com\/en\/wp-json\/wp\/v2\/types\/product"}],"version-history":[{"count":1,"href":"https:\/\/www.tahitiplaisirs.com\/en\/wp-json\/wp\/v2\/product\/3695\/revisions"}],"predecessor-version":[{"id":3725,"href":"https:\/\/www.tahitiplaisirs.com\/en\/wp-json\/wp\/v2\/product\/3695\/revisions\/3725"}],"wp:featuredmedia":[{"embeddable":true,"href":"https:\/\/www.tahitiplaisirs.com\/en\/wp-json\/wp\/v2\/media\/8147"}],"wp:attachment":[{"href":"https:\/\/www.tahitiplaisirs.com\/en\/wp-json\/wp\/v2\/media?parent=3695"}],"wp:term":[{"taxonomy":"product_brand","embeddable":true,"href":"https:\/\/www.tahitiplaisirs.com\/en\/wp-json\/wp\/v2\/product_brand?post=3695"},{"taxonomy":"product_cat","embeddable":true,"href":"https:\/\/www.tahitiplaisirs.com\/en\/wp-json\/wp\/v2\/product_cat?post=3695"},{"taxonomy":"product_tag","embeddable":true,"href":"https:\/\/www.tahitiplaisirs.com\/en\/wp-json\/wp\/v2\/product_tag?post=3695"}],"curies":[{"name":"wp","href":"https:\/\/api.w.org\/{rel}","templated":true}]}}