{"id":3696,"date":"2025-08-15T16:11:21","date_gmt":"2025-08-16T02:11:21","guid":{"rendered":"https:\/\/www.tahitiplaisirs.com\/?post_type=product&#038;p=3696"},"modified":"2026-03-04T11:46:05","modified_gmt":"2026-03-04T21:46:05","slug":"body-resille-paillettes-kl-s-l","status":"publish","type":"product","link":"https:\/\/www.tahitiplaisirs.com\/en\/product\/body-resille-paillettes-kl-s-l\/","title":{"rendered":"Body r\u00e9sille paillettes KL S-L"},"content":{"rendered":"","protected":false},"excerpt":{"rendered":"<p>Body r\u00e9sille paillettes S-L de Killer Legs<\/p>\n<p><span dir=\"auto\">Ce body est fabriqu\u00e9 dans un tissu r\u00e9sille transparent et pr\u00e9sente un d\u00e9collet\u00e9 en V plongeant, offrant un \u00e9quilibre s\u00e9duisant entre sensualit\u00e9 et sophistication.<\/span><\/p>\n<p><span dir=\"auto\">Enti\u00e8rement recouvert de strass, il vous fera briller de mille feux o\u00f9 que vous alliez !<\/span><\/p>\n<p><span dir=\"auto\">Ce body a des manches longues et des c<\/span><span dir=\"auto\">ollants int\u00e9gr\u00e9s.<\/span><\/p>\n<p><span dir=\"auto\">Composition : 92 % nylon, 8 % \u00e9lasthanne.<\/span><\/p>","protected":false},"featured_media":10352,"template":"","meta":[],"product_brand":[136],"product_cat":[73,74],"product_tag":[],"class_list":{"0":"post-3696","1":"product","2":"type-product","3":"status-publish","4":"has-post-thumbnail","6":"product_brand-killer-legs","7":"product_cat-lingerie-sexy","8":"product_cat-nuisettes-bodys-et-set","11":"instock","12":"taxable","13":"shipping-taxable","14":"purchasable","15":"product-type-simple","16":"product-grid-view"},"_links":{"self":[{"href":"https:\/\/www.tahitiplaisirs.com\/en\/wp-json\/wp\/v2\/product\/3696","targetHints":{"allow":["GET"]}}],"collection":[{"href":"https:\/\/www.tahitiplaisirs.com\/en\/wp-json\/wp\/v2\/product"}],"about":[{"href":"https:\/\/www.tahitiplaisirs.com\/en\/wp-json\/wp\/v2\/types\/product"}],"version-history":[{"count":4,"href":"https:\/\/www.tahitiplaisirs.com\/en\/wp-json\/wp\/v2\/product\/3696\/revisions"}],"predecessor-version":[{"id":10358,"href":"https:\/\/www.tahitiplaisirs.com\/en\/wp-json\/wp\/v2\/product\/3696\/revisions\/10358"}],"wp:featuredmedia":[{"embeddable":true,"href":"https:\/\/www.tahitiplaisirs.com\/en\/wp-json\/wp\/v2\/media\/10352"}],"wp:attachment":[{"href":"https:\/\/www.tahitiplaisirs.com\/en\/wp-json\/wp\/v2\/media?parent=3696"}],"wp:term":[{"taxonomy":"product_brand","embeddable":true,"href":"https:\/\/www.tahitiplaisirs.com\/en\/wp-json\/wp\/v2\/product_brand?post=3696"},{"taxonomy":"product_cat","embeddable":true,"href":"https:\/\/www.tahitiplaisirs.com\/en\/wp-json\/wp\/v2\/product_cat?post=3696"},{"taxonomy":"product_tag","embeddable":true,"href":"https:\/\/www.tahitiplaisirs.com\/en\/wp-json\/wp\/v2\/product_tag?post=3696"}],"curies":[{"name":"wp","href":"https:\/\/api.w.org\/{rel}","templated":true}]}}