{"id":3727,"date":"2025-08-15T16:11:25","date_gmt":"2025-08-16T02:11:25","guid":{"rendered":"https:\/\/www.tahitiplaisirs.com\/?post_type=product&#038;p=3727"},"modified":"2026-03-04T10:45:03","modified_gmt":"2026-03-04T20:45:03","slug":"body-lavande-kl-s-l","status":"publish","type":"product","link":"https:\/\/www.tahitiplaisirs.com\/en\/product\/body-lavande-kl-s-l\/","title":{"rendered":"Body lavande KL S-L"},"content":{"rendered":"","protected":false},"excerpt":{"rendered":"<p>Body lavande S-L Killer Legs<\/p>\n<p><span dir=\"auto\">Body sexy couleur lavande fabriqu\u00e9 dans un tissu doux et extensible, collants porte-jarretelles int\u00e9gr\u00e9s.<\/span><\/p>\n<p><span dir=\"auto\">N\u0153ud en satin sur le haut et s<\/span><span dir=\"auto\">tring inclus<\/span><\/p>\n<p><span dir=\"auto\">Composition\u00a0: 92\u00a0% nylon, 8\u00a0% \u00e9lasthanne<\/span><\/p>","protected":false},"featured_media":10346,"template":"","meta":[],"product_brand":[136],"product_cat":[73,80],"product_tag":[],"class_list":{"0":"post-3727","1":"product","2":"type-product","3":"status-publish","4":"has-post-thumbnail","6":"product_brand-killer-legs","7":"product_cat-lingerie-sexy","8":"product_cat-strings-culottes-et-tangas","11":"instock","12":"taxable","13":"shipping-taxable","14":"purchasable","15":"product-type-simple","16":"product-grid-view"},"_links":{"self":[{"href":"https:\/\/www.tahitiplaisirs.com\/en\/wp-json\/wp\/v2\/product\/3727","targetHints":{"allow":["GET"]}}],"collection":[{"href":"https:\/\/www.tahitiplaisirs.com\/en\/wp-json\/wp\/v2\/product"}],"about":[{"href":"https:\/\/www.tahitiplaisirs.com\/en\/wp-json\/wp\/v2\/types\/product"}],"version-history":[{"count":3,"href":"https:\/\/www.tahitiplaisirs.com\/en\/wp-json\/wp\/v2\/product\/3727\/revisions"}],"predecessor-version":[{"id":10360,"href":"https:\/\/www.tahitiplaisirs.com\/en\/wp-json\/wp\/v2\/product\/3727\/revisions\/10360"}],"wp:featuredmedia":[{"embeddable":true,"href":"https:\/\/www.tahitiplaisirs.com\/en\/wp-json\/wp\/v2\/media\/10346"}],"wp:attachment":[{"href":"https:\/\/www.tahitiplaisirs.com\/en\/wp-json\/wp\/v2\/media?parent=3727"}],"wp:term":[{"taxonomy":"product_brand","embeddable":true,"href":"https:\/\/www.tahitiplaisirs.com\/en\/wp-json\/wp\/v2\/product_brand?post=3727"},{"taxonomy":"product_cat","embeddable":true,"href":"https:\/\/www.tahitiplaisirs.com\/en\/wp-json\/wp\/v2\/product_cat?post=3727"},{"taxonomy":"product_tag","embeddable":true,"href":"https:\/\/www.tahitiplaisirs.com\/en\/wp-json\/wp\/v2\/product_tag?post=3727"}],"curies":[{"name":"wp","href":"https:\/\/api.w.org\/{rel}","templated":true}]}}