{"id":3730,"date":"2025-08-15T16:11:25","date_gmt":"2025-08-16T02:11:25","guid":{"rendered":"https:\/\/www.tahitiplaisirs.com\/?post_type=product&#038;p=3730"},"modified":"2026-03-21T14:23:22","modified_gmt":"2026-03-22T00:23:22","slug":"huile-chauffante-vin-petillant-a-la-fraise","status":"publish","type":"product","link":"https:\/\/www.tahitiplaisirs.com\/en\/product\/huile-chauffante-vin-petillant-a-la-fraise\/","title":{"rendered":"Huile chauffante vin\/fraise"},"content":{"rendered":"","protected":false},"excerpt":{"rendered":"<p>Huile chauffante et comestible de Shunga Erotic Art<\/p>\n<p>Ar\u00f4me : vin p\u00e9tillant \u00e0 la fraise<\/p>\n<p>Contenance : 100 ml<\/p>\n<p>Inspir\u00e9 de l&rsquo;art \u00e9rotique Japonais, la collection de produits Shunga s&rsquo;adresse aux amoureux de l&rsquo;amour.<\/p>\n<p>V\u00e9ritable invitation au voyage, ces cosm\u00e9tiques \u00e9l\u00e9gants et raffin\u00e9s sont empreints de sensualit\u00e9, d&rsquo;excitation et de passion<\/p>\n<p>Une d\u00e9licieuse huile chauffante comestible con\u00e7ue sp\u00e9cialement pour les zones \u00e9rog\u00e8nes.<\/p>\n<p>Versez une petite quantit\u00e9 \u00e0 l&rsquo;endroit d\u00e9sir\u00e9 et massez d\u00e9licatement la zone afin que l&rsquo;huile p\u00e9n\u00e8tre bien.<\/p>\n<p>Soufflez d\u00e9licatement afin d&rsquo;activer l&rsquo;effet de chaleur.<\/p>","protected":false},"featured_media":7638,"template":"","meta":[],"product_brand":[90],"product_cat":[49,56],"product_tag":[],"class_list":{"0":"post-3730","1":"product","2":"type-product","3":"status-publish","4":"has-post-thumbnail","6":"product_brand-shunga-erotic-art","7":"product_cat-bien-etre","8":"product_cat-huiles","11":"instock","12":"taxable","13":"shipping-taxable","14":"purchasable","15":"product-type-simple","16":"product-grid-view"},"_links":{"self":[{"href":"https:\/\/www.tahitiplaisirs.com\/en\/wp-json\/wp\/v2\/product\/3730","targetHints":{"allow":["GET"]}}],"collection":[{"href":"https:\/\/www.tahitiplaisirs.com\/en\/wp-json\/wp\/v2\/product"}],"about":[{"href":"https:\/\/www.tahitiplaisirs.com\/en\/wp-json\/wp\/v2\/types\/product"}],"version-history":[{"count":2,"href":"https:\/\/www.tahitiplaisirs.com\/en\/wp-json\/wp\/v2\/product\/3730\/revisions"}],"predecessor-version":[{"id":7664,"href":"https:\/\/www.tahitiplaisirs.com\/en\/wp-json\/wp\/v2\/product\/3730\/revisions\/7664"}],"wp:featuredmedia":[{"embeddable":true,"href":"https:\/\/www.tahitiplaisirs.com\/en\/wp-json\/wp\/v2\/media\/7638"}],"wp:attachment":[{"href":"https:\/\/www.tahitiplaisirs.com\/en\/wp-json\/wp\/v2\/media?parent=3730"}],"wp:term":[{"taxonomy":"product_brand","embeddable":true,"href":"https:\/\/www.tahitiplaisirs.com\/en\/wp-json\/wp\/v2\/product_brand?post=3730"},{"taxonomy":"product_cat","embeddable":true,"href":"https:\/\/www.tahitiplaisirs.com\/en\/wp-json\/wp\/v2\/product_cat?post=3730"},{"taxonomy":"product_tag","embeddable":true,"href":"https:\/\/www.tahitiplaisirs.com\/en\/wp-json\/wp\/v2\/product_tag?post=3730"}],"curies":[{"name":"wp","href":"https:\/\/api.w.org\/{rel}","templated":true}]}}