{"id":3731,"date":"2025-08-15T16:11:25","date_gmt":"2025-08-16T02:11:25","guid":{"rendered":"https:\/\/www.tahitiplaisirs.com\/?post_type=product&#038;p=3731"},"modified":"2026-03-21T14:23:20","modified_gmt":"2026-03-22T00:23:20","slug":"stimulateur-quiver-noir","status":"publish","type":"product","link":"https:\/\/www.tahitiplaisirs.com\/en\/product\/stimulateur-quiver-noir\/","title":{"rendered":"Stimulateur Quiver noir"},"content":{"rendered":"","protected":false},"excerpt":{"rendered":"<p>Stimulateur et vibromasseur Quiver 2 en 1 noir de Alive<\/p>\n<p>Ce stimulateur dispose de 2 fonctions :<\/p>\n<p>Il a 1 c\u00f4t\u00e9 suceur de clitoris et aspirant et de l&rsquo;autre c\u00f4t\u00e9 un vibromasseur !<\/p>\n<p>Il est pourvu de 10 modes de vibration et de 10 intensit\u00e9 de succion.<\/p>\n<p>Il se recharge via son c\u00e2ble USB inclus.<\/p>\n<p>Il est 100% Waterproof.<\/p>\n<p>Il est recouvert de doux silicone et est super doux au toucher.<\/p>\n<p>Longueur totale : 20,5 cm<\/p>\n<p>Longueur maximum de p\u00e9n\u00e9tration : 14,5 cm<\/p>\n<p>Diam\u00e8tre au plus large de la partie p\u00e9n\u00e9trante : 3,6 cm<\/p>\n<p>Composition : silicone, ABS<\/p>","protected":false},"featured_media":7094,"template":"","meta":[],"product_brand":[95],"product_cat":[63,47,48,64],"product_tag":[],"class_list":{"0":"post-3731","1":"product","2":"type-product","3":"status-publish","4":"has-post-thumbnail","6":"product_brand-alive","7":"product_cat-pour-elle","8":"product_cat-sextoys","9":"product_cat-stimulateurs-clitoridiens","10":"product_cat-vibromasseurs","13":"instock","14":"taxable","15":"shipping-taxable","16":"purchasable","17":"product-type-simple","18":"product-grid-view"},"_links":{"self":[{"href":"https:\/\/www.tahitiplaisirs.com\/en\/wp-json\/wp\/v2\/product\/3731","targetHints":{"allow":["GET"]}}],"collection":[{"href":"https:\/\/www.tahitiplaisirs.com\/en\/wp-json\/wp\/v2\/product"}],"about":[{"href":"https:\/\/www.tahitiplaisirs.com\/en\/wp-json\/wp\/v2\/types\/product"}],"version-history":[{"count":1,"href":"https:\/\/www.tahitiplaisirs.com\/en\/wp-json\/wp\/v2\/product\/3731\/revisions"}],"predecessor-version":[{"id":3761,"href":"https:\/\/www.tahitiplaisirs.com\/en\/wp-json\/wp\/v2\/product\/3731\/revisions\/3761"}],"wp:featuredmedia":[{"embeddable":true,"href":"https:\/\/www.tahitiplaisirs.com\/en\/wp-json\/wp\/v2\/media\/7094"}],"wp:attachment":[{"href":"https:\/\/www.tahitiplaisirs.com\/en\/wp-json\/wp\/v2\/media?parent=3731"}],"wp:term":[{"taxonomy":"product_brand","embeddable":true,"href":"https:\/\/www.tahitiplaisirs.com\/en\/wp-json\/wp\/v2\/product_brand?post=3731"},{"taxonomy":"product_cat","embeddable":true,"href":"https:\/\/www.tahitiplaisirs.com\/en\/wp-json\/wp\/v2\/product_cat?post=3731"},{"taxonomy":"product_tag","embeddable":true,"href":"https:\/\/www.tahitiplaisirs.com\/en\/wp-json\/wp\/v2\/product_tag?post=3731"}],"curies":[{"name":"wp","href":"https:\/\/api.w.org\/{rel}","templated":true}]}}