{"id":3735,"date":"2025-08-15T16:11:26","date_gmt":"2025-08-16T02:11:26","guid":{"rendered":"https:\/\/www.tahitiplaisirs.com\/?post_type=product&#038;p=3735"},"modified":"2026-02-24T15:19:07","modified_gmt":"2026-02-25T01:19:07","slug":"parfum-pheromones-top-musk-50ml","status":"publish","type":"product","link":"https:\/\/www.tahitiplaisirs.com\/en\/product\/parfum-pheromones-top-musk-50ml\/","title":{"rendered":"Parfum ph\u00e9romones Top Musk 50ml"},"content":{"rendered":"","protected":false},"excerpt":{"rendered":"<p>Parfum Top Musk ph\u00e9romones 50ml de Ruf<\/p>\n<p>Top Musk est un alli\u00e9 id\u00e9al pour ceux qui souhaitent renforcer leur attrait personnel et leur confiance dans des situations sociales ou intimes.<\/p>\n<p>Ce parfum, formul\u00e9 avec des ph\u00e9romones, est con\u00e7u pour les hommes qui veulent se d\u00e9marquer dans l&rsquo;art de la s\u00e9duction et projeter une pr\u00e9sence captivante lors de rendez-vous, de rencontres ou d&rsquo;\u00e9v\u00e9nements importants.<\/p>\n<p>Son m\u00e9canisme d&rsquo;action repose sur l&rsquo;\u00e9mission de signaux chimiques qui intensifient le magn\u00e9tisme personnel et favorisent l&rsquo;attraction naturelle.<\/p>\n<p>Son ar\u00f4me masculin et enveloppant dure des heures, en faisant une option efficace pour ceux qui recherchent des r\u00e9sultats dans le domaine de la\u00a0s\u00e9duction.<\/p>","protected":false},"featured_media":9837,"template":"","meta":[],"product_brand":[],"product_cat":[49,51],"product_tag":[],"class_list":{"0":"post-3735","1":"product","2":"type-product","3":"status-publish","4":"has-post-thumbnail","6":"product_cat-bien-etre","7":"product_cat-pour-lui","10":"instock","11":"taxable","12":"shipping-taxable","13":"purchasable","14":"product-type-simple","15":"product-grid-view"},"_links":{"self":[{"href":"https:\/\/www.tahitiplaisirs.com\/en\/wp-json\/wp\/v2\/product\/3735","targetHints":{"allow":["GET"]}}],"collection":[{"href":"https:\/\/www.tahitiplaisirs.com\/en\/wp-json\/wp\/v2\/product"}],"about":[{"href":"https:\/\/www.tahitiplaisirs.com\/en\/wp-json\/wp\/v2\/types\/product"}],"version-history":[{"count":3,"href":"https:\/\/www.tahitiplaisirs.com\/en\/wp-json\/wp\/v2\/product\/3735\/revisions"}],"predecessor-version":[{"id":9856,"href":"https:\/\/www.tahitiplaisirs.com\/en\/wp-json\/wp\/v2\/product\/3735\/revisions\/9856"}],"wp:featuredmedia":[{"embeddable":true,"href":"https:\/\/www.tahitiplaisirs.com\/en\/wp-json\/wp\/v2\/media\/9837"}],"wp:attachment":[{"href":"https:\/\/www.tahitiplaisirs.com\/en\/wp-json\/wp\/v2\/media?parent=3735"}],"wp:term":[{"taxonomy":"product_brand","embeddable":true,"href":"https:\/\/www.tahitiplaisirs.com\/en\/wp-json\/wp\/v2\/product_brand?post=3735"},{"taxonomy":"product_cat","embeddable":true,"href":"https:\/\/www.tahitiplaisirs.com\/en\/wp-json\/wp\/v2\/product_cat?post=3735"},{"taxonomy":"product_tag","embeddable":true,"href":"https:\/\/www.tahitiplaisirs.com\/en\/wp-json\/wp\/v2\/product_tag?post=3735"}],"curies":[{"name":"wp","href":"https:\/\/api.w.org\/{rel}","templated":true}]}}