{"id":3736,"date":"2026-03-20T08:30:26","date_gmt":"2026-03-20T18:30:26","guid":{"rendered":"https:\/\/www.tahitiplaisirs.com\/?post_type=product&#038;p=3736"},"modified":"2026-03-27T11:02:22","modified_gmt":"2026-03-27T21:02:22","slug":"gel-maral-50ml","status":"publish","type":"product","link":"https:\/\/www.tahitiplaisirs.com\/en\/product\/gel-maral-50ml\/","title":{"rendered":"Gel Maral 50ml"},"content":{"rendered":"","protected":false},"excerpt":{"rendered":"<p dir=\"ltr\" data-placeholder=\"Traduction\">Gel Maral 50ml<\/p>\n<p>Maral Gel est un gel innovant qui garantit un effet imm\u00e9diat pour renforcer les \u00e9rections.<\/p>\n<p>L&rsquo;effet de Maral Gel est d&rsquo;augmenter la sensibilit\u00e9 du p\u00e9nis aux sensations \u00e9rotiques et d&rsquo;am\u00e9liorer son apport sanguin.<\/p>\n<p>En cons\u00e9quence, vous pouvez profiter d&rsquo;une forte \u00e9rection et d&rsquo;un maximum de plaisir \u00e0 chaque contact.<\/p>\n<p>\u00c9talez le gel Maral sur toute la longueur du p\u00e9nis et massez doucement.<\/p>\n<p>Les principes actifs naturels ont un effet imm\u00e9diat qui stimule la circulation sanguine.<\/p>","protected":false},"featured_media":11098,"template":"","meta":[],"product_brand":[],"product_cat":[49,51,55],"product_tag":[],"class_list":{"0":"post-3736","1":"product","2":"type-product","3":"status-publish","4":"has-post-thumbnail","6":"product_cat-bien-etre","7":"product_cat-pour-lui","8":"product_cat-stimulants-hommes","11":"instock","12":"taxable","13":"shipping-taxable","14":"purchasable","15":"product-type-simple","16":"product-grid-view"},"_links":{"self":[{"href":"https:\/\/www.tahitiplaisirs.com\/en\/wp-json\/wp\/v2\/product\/3736","targetHints":{"allow":["GET"]}}],"collection":[{"href":"https:\/\/www.tahitiplaisirs.com\/en\/wp-json\/wp\/v2\/product"}],"about":[{"href":"https:\/\/www.tahitiplaisirs.com\/en\/wp-json\/wp\/v2\/types\/product"}],"version-history":[{"count":3,"href":"https:\/\/www.tahitiplaisirs.com\/en\/wp-json\/wp\/v2\/product\/3736\/revisions"}],"predecessor-version":[{"id":11142,"href":"https:\/\/www.tahitiplaisirs.com\/en\/wp-json\/wp\/v2\/product\/3736\/revisions\/11142"}],"wp:featuredmedia":[{"embeddable":true,"href":"https:\/\/www.tahitiplaisirs.com\/en\/wp-json\/wp\/v2\/media\/11098"}],"wp:attachment":[{"href":"https:\/\/www.tahitiplaisirs.com\/en\/wp-json\/wp\/v2\/media?parent=3736"}],"wp:term":[{"taxonomy":"product_brand","embeddable":true,"href":"https:\/\/www.tahitiplaisirs.com\/en\/wp-json\/wp\/v2\/product_brand?post=3736"},{"taxonomy":"product_cat","embeddable":true,"href":"https:\/\/www.tahitiplaisirs.com\/en\/wp-json\/wp\/v2\/product_cat?post=3736"},{"taxonomy":"product_tag","embeddable":true,"href":"https:\/\/www.tahitiplaisirs.com\/en\/wp-json\/wp\/v2\/product_tag?post=3736"}],"curies":[{"name":"wp","href":"https:\/\/api.w.org\/{rel}","templated":true}]}}