{"id":3739,"date":"2025-08-15T16:11:26","date_gmt":"2025-08-16T02:11:26","guid":{"rendered":"https:\/\/www.tahitiplaisirs.com\/?post_type=product&#038;p=3739"},"modified":"2026-02-09T15:50:19","modified_gmt":"2026-02-10T01:50:19","slug":"joint-crude-noir-75mm","status":"publish","type":"product","link":"https:\/\/www.tahitiplaisirs.com\/en\/product\/joint-crude-noir-75mm\/","title":{"rendered":"Joint Crude noir \u00d8 75mm"},"content":{"rendered":"","protected":false},"excerpt":{"rendered":"<p dir=\"ltr\" data-placeholder=\"Traduction\">Joint pour pompe<\/p>\n<p dir=\"ltr\" data-placeholder=\"Traduction\">Ce manchon de remplacement convient \u00e0 toutes les pompes \u00e0 p\u00e9nis d&rsquo;un diam\u00e8tre ext\u00e9rieur de 75mm, avec une ouverture centrale de 20mm.<\/p>\n<p dir=\"ltr\" data-placeholder=\"Traduction\"><span class=\"Y2IQFc\" lang=\"fr\">Ce joint de remplacement est fabriqu\u00e9 \u00e0 partir de TPE sans phtalate qui est sans danger pour le corps.<\/span><\/p>\n<p class=\"tw-data-text tw-text-large tw-ta\" dir=\"ltr\" data-placeholder=\"Traduction\"><span class=\"Y2IQFc\" lang=\"fr\">\u00a0<\/span><\/p>","protected":false},"featured_media":10547,"template":"","meta":[],"product_brand":[],"product_cat":[52,51],"product_tag":[],"class_list":{"0":"post-3739","1":"product","2":"type-product","3":"status-publish","4":"has-post-thumbnail","6":"product_cat-developpement-du-penis","7":"product_cat-pour-lui","10":"instock","11":"taxable","12":"shipping-taxable","13":"purchasable","14":"product-type-simple","15":"product-grid-view"},"_links":{"self":[{"href":"https:\/\/www.tahitiplaisirs.com\/en\/wp-json\/wp\/v2\/product\/3739","targetHints":{"allow":["GET"]}}],"collection":[{"href":"https:\/\/www.tahitiplaisirs.com\/en\/wp-json\/wp\/v2\/product"}],"about":[{"href":"https:\/\/www.tahitiplaisirs.com\/en\/wp-json\/wp\/v2\/types\/product"}],"version-history":[{"count":4,"href":"https:\/\/www.tahitiplaisirs.com\/en\/wp-json\/wp\/v2\/product\/3739\/revisions"}],"predecessor-version":[{"id":10552,"href":"https:\/\/www.tahitiplaisirs.com\/en\/wp-json\/wp\/v2\/product\/3739\/revisions\/10552"}],"wp:featuredmedia":[{"embeddable":true,"href":"https:\/\/www.tahitiplaisirs.com\/en\/wp-json\/wp\/v2\/media\/10547"}],"wp:attachment":[{"href":"https:\/\/www.tahitiplaisirs.com\/en\/wp-json\/wp\/v2\/media?parent=3739"}],"wp:term":[{"taxonomy":"product_brand","embeddable":true,"href":"https:\/\/www.tahitiplaisirs.com\/en\/wp-json\/wp\/v2\/product_brand?post=3739"},{"taxonomy":"product_cat","embeddable":true,"href":"https:\/\/www.tahitiplaisirs.com\/en\/wp-json\/wp\/v2\/product_cat?post=3739"},{"taxonomy":"product_tag","embeddable":true,"href":"https:\/\/www.tahitiplaisirs.com\/en\/wp-json\/wp\/v2\/product_tag?post=3739"}],"curies":[{"name":"wp","href":"https:\/\/api.w.org\/{rel}","templated":true}]}}