{"id":3745,"date":"2025-08-15T16:11:26","date_gmt":"2025-08-16T02:11:26","guid":{"rendered":"https:\/\/www.tahitiplaisirs.com\/?post_type=product&#038;p=3745"},"modified":"2026-04-04T11:20:06","modified_gmt":"2026-04-04T21:20:06","slug":"gummy-pink-pussycat","status":"publish","type":"product","link":"https:\/\/www.tahitiplaisirs.com\/en\/product\/gummy-pink-pussycat\/","title":{"rendered":"Gummy Pink Pussycat"},"content":{"rendered":"","protected":false},"excerpt":{"rendered":"<p>Pink Pussycat existe aussi en gummy !<\/p>\n<p>Pink Pussycat agit en augmentant le flux sanguin vers la r\u00e9gion du clitoris, il peut aider \u00e0 am\u00e9liorer la libido et augmenter le plaisir sexuel.<\/p>\n<p>Peut \u00e9galement \u00eatre prit sur une base r\u00e9guli\u00e8re pour maintenir un \u00e9tat de pr\u00e9paration de pointe avant l&rsquo;activit\u00e9 sexuelle.<\/p>\n<p>Pour de meilleurs r\u00e9sultats, prendre une heure avant l&rsquo;activit\u00e9 sexuelle.<\/p>\n<p>Attention :<\/p>\n<ul>\n<li>Ne pas d\u00e9passer la dose journali\u00e8re recommand\u00e9e.<\/li>\n<li>Ne prenez pas Pink Pussycat si vous \u00eates enceinte.<\/li>\n<\/ul>","protected":false},"featured_media":8133,"template":"","meta":[],"product_brand":[],"product_cat":[63,67],"product_tag":[],"class_list":{"0":"post-3745","1":"product","2":"type-product","3":"status-publish","4":"has-post-thumbnail","6":"product_cat-pour-elle","7":"product_cat-stimulants-femmes","10":"instock","11":"taxable","12":"shipping-taxable","13":"purchasable","14":"product-type-simple","15":"product-grid-view"},"_links":{"self":[{"href":"https:\/\/www.tahitiplaisirs.com\/en\/wp-json\/wp\/v2\/product\/3745","targetHints":{"allow":["GET"]}}],"collection":[{"href":"https:\/\/www.tahitiplaisirs.com\/en\/wp-json\/wp\/v2\/product"}],"about":[{"href":"https:\/\/www.tahitiplaisirs.com\/en\/wp-json\/wp\/v2\/types\/product"}],"version-history":[{"count":3,"href":"https:\/\/www.tahitiplaisirs.com\/en\/wp-json\/wp\/v2\/product\/3745\/revisions"}],"predecessor-version":[{"id":9367,"href":"https:\/\/www.tahitiplaisirs.com\/en\/wp-json\/wp\/v2\/product\/3745\/revisions\/9367"}],"wp:featuredmedia":[{"embeddable":true,"href":"https:\/\/www.tahitiplaisirs.com\/en\/wp-json\/wp\/v2\/media\/8133"}],"wp:attachment":[{"href":"https:\/\/www.tahitiplaisirs.com\/en\/wp-json\/wp\/v2\/media?parent=3745"}],"wp:term":[{"taxonomy":"product_brand","embeddable":true,"href":"https:\/\/www.tahitiplaisirs.com\/en\/wp-json\/wp\/v2\/product_brand?post=3745"},{"taxonomy":"product_cat","embeddable":true,"href":"https:\/\/www.tahitiplaisirs.com\/en\/wp-json\/wp\/v2\/product_cat?post=3745"},{"taxonomy":"product_tag","embeddable":true,"href":"https:\/\/www.tahitiplaisirs.com\/en\/wp-json\/wp\/v2\/product_tag?post=3745"}],"curies":[{"name":"wp","href":"https:\/\/api.w.org\/{rel}","templated":true}]}}