{"id":3747,"date":"2025-08-15T16:11:26","date_gmt":"2025-08-16T02:11:26","guid":{"rendered":"https:\/\/www.tahitiplaisirs.com\/?post_type=product&#038;p=3747"},"modified":"2026-03-21T14:23:12","modified_gmt":"2026-03-22T00:23:12","slug":"spanish-fly-cola","status":"publish","type":"product","link":"https:\/\/www.tahitiplaisirs.com\/en\/product\/spanish-fly-cola\/","title":{"rendered":"Spanish Fly cola"},"content":{"rendered":"","protected":false},"excerpt":{"rendered":"<p>Spanish Fly saveur cola<\/p>\n<p>Contenance : 29,57ml<\/p>\n<p>Spanish Fly convient aussi bien aux femmes qu&rsquo;aux hommes<\/p>\n<p id=\"tw-target-text\" class=\"tw-data-text tw-text-large tw-ta\" dir=\"ltr\" data-placeholder=\"Traduction\"><span class=\"Y2IQFc\" lang=\"fr\">Les aphrodisiaques sont par d\u00e9finition toute substance qui \u00e9veille le d\u00e9sir sexuel.<\/span><\/p>\n<p class=\"tw-data-text tw-text-large tw-ta\" dir=\"ltr\" data-placeholder=\"Traduction\"><span class=\"Y2IQFc\" lang=\"fr\">Ces d\u00e9sirs peuvent se faire par les voies olfactives ou nasales, tandis que d&rsquo;autres, peuvent \u00eatre ing\u00e9r\u00e9s comme Spanish Fly.<\/span><\/p>\n<p id=\"tw-target-text\" class=\"tw-data-text tw-text-large tw-ta\" dir=\"ltr\" data-placeholder=\"Traduction\"><span class=\"Y2IQFc\" lang=\"fr\">Cette formule au go\u00fbt d\u00e9licieux a \u00e9t\u00e9 con\u00e7ue pour stimuler l&rsquo;excitation et intensifier les orgasmes.<\/span><\/p>\n<p class=\"tw-data-text tw-text-large tw-ta\" dir=\"ltr\" data-placeholder=\"Traduction\"><span class=\"Y2IQFc\" lang=\"fr\">Placez simplement autant de gouttes que vous le souhaitez sur votre langue ou sur votre partenaire pour augmenter l&rsquo;\u00e9nergie sexuelle.<\/span><\/p>","protected":false},"featured_media":8141,"template":"","meta":[],"product_brand":[],"product_cat":[67,55],"product_tag":[],"class_list":{"0":"post-3747","1":"product","2":"type-product","3":"status-publish","4":"has-post-thumbnail","6":"product_cat-stimulants-femmes","7":"product_cat-stimulants-hommes","10":"instock","11":"taxable","12":"shipping-taxable","13":"purchasable","14":"product-type-simple","15":"product-grid-view"},"_links":{"self":[{"href":"https:\/\/www.tahitiplaisirs.com\/en\/wp-json\/wp\/v2\/product\/3747","targetHints":{"allow":["GET"]}}],"collection":[{"href":"https:\/\/www.tahitiplaisirs.com\/en\/wp-json\/wp\/v2\/product"}],"about":[{"href":"https:\/\/www.tahitiplaisirs.com\/en\/wp-json\/wp\/v2\/types\/product"}],"version-history":[{"count":1,"href":"https:\/\/www.tahitiplaisirs.com\/en\/wp-json\/wp\/v2\/product\/3747\/revisions"}],"predecessor-version":[{"id":3777,"href":"https:\/\/www.tahitiplaisirs.com\/en\/wp-json\/wp\/v2\/product\/3747\/revisions\/3777"}],"wp:featuredmedia":[{"embeddable":true,"href":"https:\/\/www.tahitiplaisirs.com\/en\/wp-json\/wp\/v2\/media\/8141"}],"wp:attachment":[{"href":"https:\/\/www.tahitiplaisirs.com\/en\/wp-json\/wp\/v2\/media?parent=3747"}],"wp:term":[{"taxonomy":"product_brand","embeddable":true,"href":"https:\/\/www.tahitiplaisirs.com\/en\/wp-json\/wp\/v2\/product_brand?post=3747"},{"taxonomy":"product_cat","embeddable":true,"href":"https:\/\/www.tahitiplaisirs.com\/en\/wp-json\/wp\/v2\/product_cat?post=3747"},{"taxonomy":"product_tag","embeddable":true,"href":"https:\/\/www.tahitiplaisirs.com\/en\/wp-json\/wp\/v2\/product_tag?post=3747"}],"curies":[{"name":"wp","href":"https:\/\/api.w.org\/{rel}","templated":true}]}}