{"id":3750,"date":"2025-08-15T16:11:26","date_gmt":"2025-08-16T02:11:26","guid":{"rendered":"https:\/\/www.tahitiplaisirs.com\/?post_type=product&#038;p=3750"},"modified":"2026-02-09T15:50:18","modified_gmt":"2026-02-10T01:50:18","slug":"love-drops-20ml","status":"publish","type":"product","link":"https:\/\/www.tahitiplaisirs.com\/en\/product\/love-drops-20ml\/","title":{"rendered":"Love drops 20ml"},"content":{"rendered":"","protected":false},"excerpt":{"rendered":"<p>Love drops de Ruf<\/p>\n<p>Contenance : 20 ml<\/p>\n<p>Love drops est un compl\u00e9ment alimentaire \u00e0 base d&rsquo;extraits de plantes s\u00e8ches dont l&rsquo;avoine, la menthe poivr\u00e9e, l&rsquo;ortie blanche, l&rsquo;\u00e9corce de cannelle, la racine de gingembre et le piment.<\/p>\n<p>Ce qui permet d\u2019agir efficacement sur votre libido.<\/p>\n<p>Ses effets stimulants amplifient l\u2019app\u00e9tit sexuel aussi bien chez la femme que l&rsquo;homme !<\/p>\n<p>5 \u00e0 7 gouttes \u00e0 prendre dans une boisson quelconque 15 min avant les rapports.<\/p>\n<p>&nbsp;<\/p>\n<p>&nbsp;<\/p>","protected":false},"featured_media":10533,"template":"","meta":[],"product_brand":[],"product_cat":[49,67,55],"product_tag":[],"class_list":{"0":"post-3750","1":"product","2":"type-product","3":"status-publish","4":"has-post-thumbnail","6":"product_cat-bien-etre","7":"product_cat-stimulants-femmes","8":"product_cat-stimulants-hommes","11":"instock","12":"taxable","13":"shipping-taxable","14":"purchasable","15":"product-type-simple","16":"product-grid-view"},"_links":{"self":[{"href":"https:\/\/www.tahitiplaisirs.com\/en\/wp-json\/wp\/v2\/product\/3750","targetHints":{"allow":["GET"]}}],"collection":[{"href":"https:\/\/www.tahitiplaisirs.com\/en\/wp-json\/wp\/v2\/product"}],"about":[{"href":"https:\/\/www.tahitiplaisirs.com\/en\/wp-json\/wp\/v2\/types\/product"}],"version-history":[{"count":2,"href":"https:\/\/www.tahitiplaisirs.com\/en\/wp-json\/wp\/v2\/product\/3750\/revisions"}],"predecessor-version":[{"id":10536,"href":"https:\/\/www.tahitiplaisirs.com\/en\/wp-json\/wp\/v2\/product\/3750\/revisions\/10536"}],"wp:featuredmedia":[{"embeddable":true,"href":"https:\/\/www.tahitiplaisirs.com\/en\/wp-json\/wp\/v2\/media\/10533"}],"wp:attachment":[{"href":"https:\/\/www.tahitiplaisirs.com\/en\/wp-json\/wp\/v2\/media?parent=3750"}],"wp:term":[{"taxonomy":"product_brand","embeddable":true,"href":"https:\/\/www.tahitiplaisirs.com\/en\/wp-json\/wp\/v2\/product_brand?post=3750"},{"taxonomy":"product_cat","embeddable":true,"href":"https:\/\/www.tahitiplaisirs.com\/en\/wp-json\/wp\/v2\/product_cat?post=3750"},{"taxonomy":"product_tag","embeddable":true,"href":"https:\/\/www.tahitiplaisirs.com\/en\/wp-json\/wp\/v2\/product_tag?post=3750"}],"curies":[{"name":"wp","href":"https:\/\/api.w.org\/{rel}","templated":true}]}}