{"id":3752,"date":"2025-08-15T16:11:26","date_gmt":"2025-08-16T02:11:26","guid":{"rendered":"https:\/\/www.tahitiplaisirs.com\/?post_type=product&#038;p=3752"},"modified":"2026-03-21T14:23:08","modified_gmt":"2026-03-22T00:23:08","slug":"set-noir-4-pcs-em-s-l","status":"publish","type":"product","link":"https:\/\/www.tahitiplaisirs.com\/en\/product\/set-noir-4-pcs-em-s-l\/","title":{"rendered":"Set noir 4 pcs EM S-L"},"content":{"rendered":"","protected":false},"excerpt":{"rendered":"<p>Set noir 4 pcs S-L de Elegant Moments<\/p>\n<p><span dir=\"auto\">Set compos\u00e9 d&rsquo;un string noir, d&rsquo;une paire de c<\/span><span dir=\"auto\">ache-t\u00e9tons autocollants, de porte-jarretelles \u00e0 lani\u00e8res avec sangles pour les jambes et d&rsquo;un masque pour les yeux.<\/span><\/p>\n<p><span dir=\"auto\">Mati\u00e8re : 95 % polyester, 5 % \u00e9lasthanne<\/span><\/p>","protected":false},"featured_media":9276,"template":"","meta":[],"product_brand":[],"product_cat":[73,63,80],"product_tag":[],"class_list":{"0":"post-3752","1":"product","2":"type-product","3":"status-publish","4":"has-post-thumbnail","6":"product_cat-lingerie-sexy","7":"product_cat-pour-elle","8":"product_cat-strings-culottes-et-tangas","11":"instock","12":"taxable","13":"shipping-taxable","14":"purchasable","15":"product-type-simple","16":"product-grid-view"},"_links":{"self":[{"href":"https:\/\/www.tahitiplaisirs.com\/en\/wp-json\/wp\/v2\/product\/3752","targetHints":{"allow":["GET"]}}],"collection":[{"href":"https:\/\/www.tahitiplaisirs.com\/en\/wp-json\/wp\/v2\/product"}],"about":[{"href":"https:\/\/www.tahitiplaisirs.com\/en\/wp-json\/wp\/v2\/types\/product"}],"version-history":[{"count":3,"href":"https:\/\/www.tahitiplaisirs.com\/en\/wp-json\/wp\/v2\/product\/3752\/revisions"}],"predecessor-version":[{"id":9278,"href":"https:\/\/www.tahitiplaisirs.com\/en\/wp-json\/wp\/v2\/product\/3752\/revisions\/9278"}],"wp:featuredmedia":[{"embeddable":true,"href":"https:\/\/www.tahitiplaisirs.com\/en\/wp-json\/wp\/v2\/media\/9276"}],"wp:attachment":[{"href":"https:\/\/www.tahitiplaisirs.com\/en\/wp-json\/wp\/v2\/media?parent=3752"}],"wp:term":[{"taxonomy":"product_brand","embeddable":true,"href":"https:\/\/www.tahitiplaisirs.com\/en\/wp-json\/wp\/v2\/product_brand?post=3752"},{"taxonomy":"product_cat","embeddable":true,"href":"https:\/\/www.tahitiplaisirs.com\/en\/wp-json\/wp\/v2\/product_cat?post=3752"},{"taxonomy":"product_tag","embeddable":true,"href":"https:\/\/www.tahitiplaisirs.com\/en\/wp-json\/wp\/v2\/product_tag?post=3752"}],"curies":[{"name":"wp","href":"https:\/\/api.w.org\/{rel}","templated":true}]}}