{"id":3790,"date":"2025-08-15T16:11:29","date_gmt":"2025-08-16T02:11:29","guid":{"rendered":"https:\/\/www.tahitiplaisirs.com\/?post_type=product&#038;p=3790"},"modified":"2026-02-24T15:19:09","modified_gmt":"2026-02-25T01:19:09","slug":"huile-chauffante-sorbet-de-minuit","status":"publish","type":"product","link":"https:\/\/www.tahitiplaisirs.com\/en\/product\/huile-chauffante-sorbet-de-minuit\/","title":{"rendered":"Huile chauffante sorbet de minuit"},"content":{"rendered":"","protected":false},"excerpt":{"rendered":"<p>Huile chauffante et comestible de Shunga Erotic Art<\/p>\n<p>Ar\u00f4me : sorbet de minuit<\/p>\n<p>Contenance: 100ml<\/p>\n<p>L&rsquo;Huile aphrodisiaque sorbet de minuit de Shunga a \u00e9t\u00e9 cr\u00e9e pour offrir des sensations intenses sur les parties intimes aussi bien des femmes que des hommes.<\/p>\n<p>Une d\u00e9licieuse huile chauffante ar\u00f4me de th\u00e9 vert con\u00e7ue avec des ingr\u00e9dients naturels.<\/p>\n<p>Excitez vos sens et faites monter le d\u00e9sir lors de vos moments intimes gr\u00e2ce \u00e0 l&rsquo;huile chauffante aphrodisiaque comestible.<\/p>\n<p>Il vous suffit de verser l&rsquo;huile \u00e0 l&rsquo;endroit d\u00e9sir\u00e9 et de masser d\u00e9licatement la zone afin que l&rsquo;huile p\u00e9n\u00e8tre bien.<\/p>\n<p>Le petit plus est de vous approcher sensuellement de votre partenaire et de soufflez d\u00e9licatement sur la zone mass\u00e9e afin d&rsquo;activer l&rsquo;effet de chaleur, et d\u2019augmenter ainsi les sensations ressenties.<\/p>\n<p>Laissez-vous aller pour de sensuelles baisers intimes au go\u00fbt d\u00e9licieux.<\/p>\n<p>Cette huile est fabriqu\u00e9e \u00e0 base de glyc\u00e9rine v\u00e9g\u00e9tale pure et d&rsquo;ingr\u00e9dients enti\u00e8rement naturels.<\/p>\n<p>N&rsquo;h\u00e9sitez pas \u00e0 en abuser !<\/p>\n<p>Attention: le produit peut t\u00e2cher les draps, si vous ressentez un inconfort ou une irritation stoppez son utilisation, tenir hors de port\u00e9e des enfants, apr\u00e8s ouverture \u00e0 utiliser dans les 18 mois.<\/p>","protected":false},"featured_media":9831,"template":"","meta":[],"product_brand":[90],"product_cat":[49,56],"product_tag":[],"class_list":{"0":"post-3790","1":"product","2":"type-product","3":"status-publish","4":"has-post-thumbnail","6":"product_brand-shunga-erotic-art","7":"product_cat-bien-etre","8":"product_cat-huiles","11":"instock","12":"purchasable","13":"product-type-simple","14":"product-grid-view"},"_links":{"self":[{"href":"https:\/\/www.tahitiplaisirs.com\/en\/wp-json\/wp\/v2\/product\/3790","targetHints":{"allow":["GET"]}}],"collection":[{"href":"https:\/\/www.tahitiplaisirs.com\/en\/wp-json\/wp\/v2\/product"}],"about":[{"href":"https:\/\/www.tahitiplaisirs.com\/en\/wp-json\/wp\/v2\/types\/product"}],"version-history":[{"count":3,"href":"https:\/\/www.tahitiplaisirs.com\/en\/wp-json\/wp\/v2\/product\/3790\/revisions"}],"predecessor-version":[{"id":9860,"href":"https:\/\/www.tahitiplaisirs.com\/en\/wp-json\/wp\/v2\/product\/3790\/revisions\/9860"}],"wp:featuredmedia":[{"embeddable":true,"href":"https:\/\/www.tahitiplaisirs.com\/en\/wp-json\/wp\/v2\/media\/9831"}],"wp:attachment":[{"href":"https:\/\/www.tahitiplaisirs.com\/en\/wp-json\/wp\/v2\/media?parent=3790"}],"wp:term":[{"taxonomy":"product_brand","embeddable":true,"href":"https:\/\/www.tahitiplaisirs.com\/en\/wp-json\/wp\/v2\/product_brand?post=3790"},{"taxonomy":"product_cat","embeddable":true,"href":"https:\/\/www.tahitiplaisirs.com\/en\/wp-json\/wp\/v2\/product_cat?post=3790"},{"taxonomy":"product_tag","embeddable":true,"href":"https:\/\/www.tahitiplaisirs.com\/en\/wp-json\/wp\/v2\/product_tag?post=3790"}],"curies":[{"name":"wp","href":"https:\/\/api.w.org\/{rel}","templated":true}]}}