{"id":3791,"date":"2025-08-15T16:11:29","date_gmt":"2025-08-16T02:11:29","guid":{"rendered":"https:\/\/www.tahitiplaisirs.com\/?post_type=product&#038;p=3791"},"modified":"2026-03-27T11:03:03","modified_gmt":"2026-03-27T21:03:03","slug":"bas-noir-ref-9011-leg-avenue","status":"publish","type":"product","link":"https:\/\/www.tahitiplaisirs.com\/en\/product\/bas-noir-ref-9011-leg-avenue\/","title":{"rendered":"Bas noir r\u00e9f 9011 Leg Avenue"},"content":{"rendered":"","protected":false},"excerpt":{"rendered":"<p>Bas r\u00e9sille taille unique de Leg Avenue<\/p>\n<p>R\u00e9f\u00e9rence : 9011<\/p>\n<p>Ces bas r\u00e9sille de couleur noir avec le haut en \u00e9lastique finissent \u00e0 merveille chaque tenue sexy !<\/p>\n<p>Avec un motif r\u00e9sille tr\u00e8s fin et une bande \u00e9lastique en haut.<\/p>","protected":false},"featured_media":11158,"template":"","meta":[],"product_brand":[99],"product_cat":[86,73,63],"product_tag":[],"class_list":{"0":"post-3791","1":"product","2":"type-product","3":"status-publish","4":"has-post-thumbnail","6":"product_brand-leg-avenue","7":"product_cat-accessoires-sexy","8":"product_cat-lingerie-sexy","9":"product_cat-pour-elle","12":"instock","13":"taxable","14":"shipping-taxable","15":"purchasable","16":"product-type-simple","17":"product-grid-view"},"_links":{"self":[{"href":"https:\/\/www.tahitiplaisirs.com\/en\/wp-json\/wp\/v2\/product\/3791","targetHints":{"allow":["GET"]}}],"collection":[{"href":"https:\/\/www.tahitiplaisirs.com\/en\/wp-json\/wp\/v2\/product"}],"about":[{"href":"https:\/\/www.tahitiplaisirs.com\/en\/wp-json\/wp\/v2\/types\/product"}],"version-history":[{"count":3,"href":"https:\/\/www.tahitiplaisirs.com\/en\/wp-json\/wp\/v2\/product\/3791\/revisions"}],"predecessor-version":[{"id":11160,"href":"https:\/\/www.tahitiplaisirs.com\/en\/wp-json\/wp\/v2\/product\/3791\/revisions\/11160"}],"wp:featuredmedia":[{"embeddable":true,"href":"https:\/\/www.tahitiplaisirs.com\/en\/wp-json\/wp\/v2\/media\/11158"}],"wp:attachment":[{"href":"https:\/\/www.tahitiplaisirs.com\/en\/wp-json\/wp\/v2\/media?parent=3791"}],"wp:term":[{"taxonomy":"product_brand","embeddable":true,"href":"https:\/\/www.tahitiplaisirs.com\/en\/wp-json\/wp\/v2\/product_brand?post=3791"},{"taxonomy":"product_cat","embeddable":true,"href":"https:\/\/www.tahitiplaisirs.com\/en\/wp-json\/wp\/v2\/product_cat?post=3791"},{"taxonomy":"product_tag","embeddable":true,"href":"https:\/\/www.tahitiplaisirs.com\/en\/wp-json\/wp\/v2\/product_tag?post=3791"}],"curies":[{"name":"wp","href":"https:\/\/api.w.org\/{rel}","templated":true}]}}