{"id":3799,"date":"2026-02-04T16:35:30","date_gmt":"2026-02-05T02:35:30","guid":{"rendered":"https:\/\/www.tahitiplaisirs.com\/?post_type=product&#038;p=3799"},"modified":"2026-02-17T14:13:14","modified_gmt":"2026-02-18T00:13:14","slug":"vibromasseur-3-en-1-casanova","status":"publish","type":"product","link":"https:\/\/www.tahitiplaisirs.com\/en\/product\/vibromasseur-3-en-1-casanova\/","title":{"rendered":"Vibromasseur 3 en 1 Casanova"},"content":{"rendered":"","protected":false},"excerpt":{"rendered":"<p>Vibromasseur 3 en 1 Casanova de Intense<\/p>\n<p>Casanova est un vibromasseur avec 3 moteurs ind\u00e9pendants ultra silencieux et puissants.<\/p>\n<p>Il propose 30 modes de vibrations, contr\u00f4lables \u00e0 partir de 3 actions tr\u00e8s simples d&rsquo;utilisation.<\/p>\n<p>Sa ventouse extra puissante, permet de le coller sur n&rsquo;importe quelle surface.<\/p>\n<p>Ce joujou est id\u00e9al pour le jeu en solo ou en couple !<\/p>\n<ul>\n<li>11 cm ins\u00e9rable x 3,7 cm de diam\u00e8tre<\/li>\n<li>3 moteurs<\/li>\n<li>IPX8 \u00e9tanche<\/li>\n<li>rechargeable par USB<\/li>\n<li>Jusqu&rsquo;\u00e0 30 modes de vibration combinables<\/li>\n<li>Silicone ultra doux.<\/li>\n<li>Batterie au lithium 3,7 V\/750 mAh<\/li>\n<\/ul>","protected":false},"featured_media":10741,"template":"","meta":[],"product_brand":[102],"product_cat":[62,47,48,64],"product_tag":[],"class_list":{"0":"post-3799","1":"product","2":"type-product","3":"status-publish","4":"has-post-thumbnail","6":"product_brand-intense","7":"product_cat-plaisir-anal","8":"product_cat-sextoys","9":"product_cat-stimulateurs-clitoridiens","10":"product_cat-vibromasseurs","13":"instock","14":"taxable","15":"shipping-taxable","16":"purchasable","17":"product-type-simple","18":"product-grid-view"},"_links":{"self":[{"href":"https:\/\/www.tahitiplaisirs.com\/en\/wp-json\/wp\/v2\/product\/3799","targetHints":{"allow":["GET"]}}],"collection":[{"href":"https:\/\/www.tahitiplaisirs.com\/en\/wp-json\/wp\/v2\/product"}],"about":[{"href":"https:\/\/www.tahitiplaisirs.com\/en\/wp-json\/wp\/v2\/types\/product"}],"version-history":[{"count":4,"href":"https:\/\/www.tahitiplaisirs.com\/en\/wp-json\/wp\/v2\/product\/3799\/revisions"}],"predecessor-version":[{"id":10742,"href":"https:\/\/www.tahitiplaisirs.com\/en\/wp-json\/wp\/v2\/product\/3799\/revisions\/10742"}],"wp:featuredmedia":[{"embeddable":true,"href":"https:\/\/www.tahitiplaisirs.com\/en\/wp-json\/wp\/v2\/media\/10741"}],"wp:attachment":[{"href":"https:\/\/www.tahitiplaisirs.com\/en\/wp-json\/wp\/v2\/media?parent=3799"}],"wp:term":[{"taxonomy":"product_brand","embeddable":true,"href":"https:\/\/www.tahitiplaisirs.com\/en\/wp-json\/wp\/v2\/product_brand?post=3799"},{"taxonomy":"product_cat","embeddable":true,"href":"https:\/\/www.tahitiplaisirs.com\/en\/wp-json\/wp\/v2\/product_cat?post=3799"},{"taxonomy":"product_tag","embeddable":true,"href":"https:\/\/www.tahitiplaisirs.com\/en\/wp-json\/wp\/v2\/product_tag?post=3799"}],"curies":[{"name":"wp","href":"https:\/\/api.w.org\/{rel}","templated":true}]}}