{"id":3800,"date":"2025-08-15T16:11:30","date_gmt":"2025-08-16T02:11:30","guid":{"rendered":"https:\/\/www.tahitiplaisirs.com\/?post_type=product&#038;p=3800"},"modified":"2026-03-21T14:23:11","modified_gmt":"2026-03-22T00:23:11","slug":"coffret-inspiration","status":"publish","type":"product","link":"https:\/\/www.tahitiplaisirs.com\/en\/product\/coffret-inspiration\/","title":{"rendered":"Coffret Inspiration"},"content":{"rendered":"","protected":false},"excerpt":{"rendered":"<p>Coffret Inspiration de Adrien Lastic<\/p>\n<p>Cet \u00e9l\u00e9gant coffret contient 2 sextoys pour femme : un stimulateur clitoridien et un \u0153uf vibrant connect\u00e9<\/p>\n<p>1) Le stimulateur clitoridien est recouvert de doux silicone.<\/p>\n<p>Sa forme ergonomique permet une bonne prise en main.<\/p>\n<p>Son moteur propose 9 modes de succion.<\/p>\n<p>Il est rechargeable via son c\u00e2ble USB inclus et il est 100% waterproof IPX7.<\/p>\n<p>2) L&rsquo;\u0153uf vibrant est en silicone et propose 9 modes de vibration.<\/p>\n<p>Il mesure 18cm de longueur incluant son cordon de retrait pour 3,7cm de diam\u00e8tre au plus large.<\/p>\n<p>Il est 100% waterproof IPX7 et est rechargeable via son c\u00e2ble USB inclus.<\/p>\n<p>&nbsp;<\/p>\n<p>L&rsquo;ensemble peut \u00eatre connect\u00e9 en Bluetooth \u00e0 votre smartphone afin de les contr\u00f4ler.<\/p>\n<p>T\u00e9l\u00e9chargez l&rsquo;application AdLove (Apple \/ Android)<\/p>\n<p>Distance et lieu ne sont plus un probl\u00e8me car vous pouvez vous connecter via application et partager vos moments intimes avec votre partenaire.<\/p>\n<p>Autonomie de la batterie : 2 heures<\/p>\n<p>Intensit\u00e9 du bruit : moins de 60 DB<\/p>\n<p>Composition : silicone, ABS<\/p>","protected":false},"featured_media":8157,"template":"","meta":[],"product_brand":[131],"product_cat":[79,75,47,48],"product_tag":[],"class_list":{"0":"post-3800","1":"product","2":"type-product","3":"status-publish","4":"has-post-thumbnail","6":"product_brand-adrien-lastic","7":"product_cat-les-connectes","8":"product_cat-oeufs-boules-de-geisha","9":"product_cat-sextoys","10":"product_cat-stimulateurs-clitoridiens","13":"instock","14":"taxable","15":"shipping-taxable","16":"purchasable","17":"product-type-simple","18":"product-grid-view"},"_links":{"self":[{"href":"https:\/\/www.tahitiplaisirs.com\/en\/wp-json\/wp\/v2\/product\/3800","targetHints":{"allow":["GET"]}}],"collection":[{"href":"https:\/\/www.tahitiplaisirs.com\/en\/wp-json\/wp\/v2\/product"}],"about":[{"href":"https:\/\/www.tahitiplaisirs.com\/en\/wp-json\/wp\/v2\/types\/product"}],"version-history":[{"count":2,"href":"https:\/\/www.tahitiplaisirs.com\/en\/wp-json\/wp\/v2\/product\/3800\/revisions"}],"predecessor-version":[{"id":9202,"href":"https:\/\/www.tahitiplaisirs.com\/en\/wp-json\/wp\/v2\/product\/3800\/revisions\/9202"}],"wp:featuredmedia":[{"embeddable":true,"href":"https:\/\/www.tahitiplaisirs.com\/en\/wp-json\/wp\/v2\/media\/8157"}],"wp:attachment":[{"href":"https:\/\/www.tahitiplaisirs.com\/en\/wp-json\/wp\/v2\/media?parent=3800"}],"wp:term":[{"taxonomy":"product_brand","embeddable":true,"href":"https:\/\/www.tahitiplaisirs.com\/en\/wp-json\/wp\/v2\/product_brand?post=3800"},{"taxonomy":"product_cat","embeddable":true,"href":"https:\/\/www.tahitiplaisirs.com\/en\/wp-json\/wp\/v2\/product_cat?post=3800"},{"taxonomy":"product_tag","embeddable":true,"href":"https:\/\/www.tahitiplaisirs.com\/en\/wp-json\/wp\/v2\/product_tag?post=3800"}],"curies":[{"name":"wp","href":"https:\/\/api.w.org\/{rel}","templated":true}]}}