{"id":3810,"date":"2025-08-15T16:11:30","date_gmt":"2025-08-16T02:11:30","guid":{"rendered":"https:\/\/www.tahitiplaisirs.com\/?post_type=product&#038;p=3810"},"modified":"2026-02-17T14:11:03","modified_gmt":"2026-02-18T00:11:03","slug":"corde-bondage-noir-20m-darkness","status":"publish","type":"product","link":"https:\/\/www.tahitiplaisirs.com\/en\/product\/corde-bondage-noir-20m-darkness\/","title":{"rendered":"Corde Bondage noir 20m Darkness"},"content":{"rendered":"","protected":false},"excerpt":{"rendered":"<p>Black Cotton Rope 20m de Darkness<\/p>\n<p>LA CORDE JAPONAISE\u00a0 est une corde de domination, \u00e0 utiliser dans les jeux de bondage.<\/p>\n<p>Attachez votre partenaire dans la position que vous souhaitez avec cette corde de bondage de 20 m\u00e8tres de longueur.<\/p>\n<p>De cette fa\u00e7on, vous aurez carte blanche pour faire tout ce que vous voulez !<\/p>\n<p>Si vous \u00eates du genre soumis et que vous voulez \u00eatre celui qui est attach\u00e9, alors cette corde de bondage en coton tr\u00e8s doux sera le cadeau parfait pour votre professeur.<\/p>","protected":false},"featured_media":10728,"template":"","meta":[],"product_brand":[121],"product_cat":[58,59],"product_tag":[],"class_list":{"0":"post-3810","1":"product","2":"type-product","3":"status-publish","4":"has-post-thumbnail","6":"product_brand-darkness","7":"product_cat-bdsm","8":"product_cat-menottes-attaches-baillons","11":"instock","12":"taxable","13":"shipping-taxable","14":"purchasable","15":"product-type-simple","16":"product-grid-view"},"_links":{"self":[{"href":"https:\/\/www.tahitiplaisirs.com\/en\/wp-json\/wp\/v2\/product\/3810","targetHints":{"allow":["GET"]}}],"collection":[{"href":"https:\/\/www.tahitiplaisirs.com\/en\/wp-json\/wp\/v2\/product"}],"about":[{"href":"https:\/\/www.tahitiplaisirs.com\/en\/wp-json\/wp\/v2\/types\/product"}],"version-history":[{"count":4,"href":"https:\/\/www.tahitiplaisirs.com\/en\/wp-json\/wp\/v2\/product\/3810\/revisions"}],"predecessor-version":[{"id":10735,"href":"https:\/\/www.tahitiplaisirs.com\/en\/wp-json\/wp\/v2\/product\/3810\/revisions\/10735"}],"wp:featuredmedia":[{"embeddable":true,"href":"https:\/\/www.tahitiplaisirs.com\/en\/wp-json\/wp\/v2\/media\/10728"}],"wp:attachment":[{"href":"https:\/\/www.tahitiplaisirs.com\/en\/wp-json\/wp\/v2\/media?parent=3810"}],"wp:term":[{"taxonomy":"product_brand","embeddable":true,"href":"https:\/\/www.tahitiplaisirs.com\/en\/wp-json\/wp\/v2\/product_brand?post=3810"},{"taxonomy":"product_cat","embeddable":true,"href":"https:\/\/www.tahitiplaisirs.com\/en\/wp-json\/wp\/v2\/product_cat?post=3810"},{"taxonomy":"product_tag","embeddable":true,"href":"https:\/\/www.tahitiplaisirs.com\/en\/wp-json\/wp\/v2\/product_tag?post=3810"}],"curies":[{"name":"wp","href":"https:\/\/api.w.org\/{rel}","templated":true}]}}