{"id":3815,"date":"2025-08-15T16:11:30","date_gmt":"2025-08-16T02:11:30","guid":{"rendered":"https:\/\/www.tahitiplaisirs.com\/?post_type=product&#038;p=3815"},"modified":"2026-03-21T14:23:06","modified_gmt":"2026-03-22T00:23:06","slug":"gaine-plug-anal-hercules","status":"publish","type":"product","link":"https:\/\/www.tahitiplaisirs.com\/en\/product\/gaine-plug-anal-hercules\/","title":{"rendered":"Gaine + plug anal Hercules"},"content":{"rendered":"","protected":false},"excerpt":{"rendered":"<p>Gaine et plug anal Hercules de Baile &#8211; Pretty Love<\/p>\n<p>Cette gaine stimulante et ce plug anal s&rsquo;utilisent en duo ou s\u00e9par\u00e9ment !<\/p>\n<p>La gaine effet cage stimule la paroi vaginale pendant la p\u00e9n\u00e9tration, alors que le plug anal stimulera votre prostate.<\/p>\n<p>La gaine extensible fait 11,5cm de longueur.<\/p>\n<p>Le plug permet une p\u00e9n\u00e9tration de 8,5cm sur un diam\u00e8tre de 2cm.<\/p>\n<p>Composition : silicone<\/p>","protected":false},"featured_media":8153,"template":"","meta":[],"product_brand":[93],"product_cat":[51,47],"product_tag":[],"class_list":{"0":"post-3815","1":"product","2":"type-product","3":"status-publish","4":"has-post-thumbnail","6":"product_brand-baile-pretty-love","7":"product_cat-pour-lui","8":"product_cat-sextoys","11":"instock","12":"taxable","13":"shipping-taxable","14":"purchasable","15":"product-type-simple","16":"product-grid-view"},"_links":{"self":[{"href":"https:\/\/www.tahitiplaisirs.com\/en\/wp-json\/wp\/v2\/product\/3815","targetHints":{"allow":["GET"]}}],"collection":[{"href":"https:\/\/www.tahitiplaisirs.com\/en\/wp-json\/wp\/v2\/product"}],"about":[{"href":"https:\/\/www.tahitiplaisirs.com\/en\/wp-json\/wp\/v2\/types\/product"}],"version-history":[{"count":2,"href":"https:\/\/www.tahitiplaisirs.com\/en\/wp-json\/wp\/v2\/product\/3815\/revisions"}],"predecessor-version":[{"id":8160,"href":"https:\/\/www.tahitiplaisirs.com\/en\/wp-json\/wp\/v2\/product\/3815\/revisions\/8160"}],"wp:featuredmedia":[{"embeddable":true,"href":"https:\/\/www.tahitiplaisirs.com\/en\/wp-json\/wp\/v2\/media\/8153"}],"wp:attachment":[{"href":"https:\/\/www.tahitiplaisirs.com\/en\/wp-json\/wp\/v2\/media?parent=3815"}],"wp:term":[{"taxonomy":"product_brand","embeddable":true,"href":"https:\/\/www.tahitiplaisirs.com\/en\/wp-json\/wp\/v2\/product_brand?post=3815"},{"taxonomy":"product_cat","embeddable":true,"href":"https:\/\/www.tahitiplaisirs.com\/en\/wp-json\/wp\/v2\/product_cat?post=3815"},{"taxonomy":"product_tag","embeddable":true,"href":"https:\/\/www.tahitiplaisirs.com\/en\/wp-json\/wp\/v2\/product_tag?post=3815"}],"curies":[{"name":"wp","href":"https:\/\/api.w.org\/{rel}","templated":true}]}}