{"id":3816,"date":"2025-08-15T16:11:30","date_gmt":"2025-08-16T02:11:30","guid":{"rendered":"https:\/\/www.tahitiplaisirs.com\/?post_type=product&#038;p=3816"},"modified":"2026-03-27T11:01:19","modified_gmt":"2026-03-27T21:01:19","slug":"creme-porn-star-50ml","status":"publish","type":"product","link":"https:\/\/www.tahitiplaisirs.com\/en\/product\/creme-porn-star-50ml\/","title":{"rendered":"Cr\u00e8me Porn Star 50ml"},"content":{"rendered":"","protected":false},"excerpt":{"rendered":"<p>Cr\u00e8me Porn Star de Cobeco Pharma<\/p>\n<p>Contenance : 50ml<\/p>\n<p>La cr\u00e8me Porn Star est une cr\u00e8me d&rsquo;\u00e9rection destin\u00e9e \u00e0 augmenter votre vitalit\u00e9 et votre bien-\u00eatre sexuel.<\/p>\n<p>Elle favorise l&rsquo;irrigation sanguine dans votre p\u00e9nis pour que votre corps caverneux se remplisse de plus de sang.<\/p>\n<p>La composition naturelle de cette cr\u00e8me agit directement sur l&rsquo;afflux sanguin, ainsi vous obtiendrez une \u00e9rection de meilleure qualit\u00e9 m\u00eame si vous avez habituellement des troubles de l&rsquo;\u00e9rection.<\/p>\n<p>Mode d&rsquo;application : Appliquez une noisette de cr\u00e8me Porn Star sur votre p\u00e9nis et massez jusqu&rsquo;\u00e0 absorption compl\u00e8te de la cr\u00e8me.<\/p>","protected":false},"featured_media":7108,"template":"","meta":[],"product_brand":[],"product_cat":[49,51,55],"product_tag":[],"class_list":{"0":"post-3816","1":"product","2":"type-product","3":"status-publish","4":"has-post-thumbnail","6":"product_cat-bien-etre","7":"product_cat-pour-lui","8":"product_cat-stimulants-hommes","11":"instock","12":"taxable","13":"shipping-taxable","14":"purchasable","15":"product-type-simple","16":"product-grid-view"},"_links":{"self":[{"href":"https:\/\/www.tahitiplaisirs.com\/en\/wp-json\/wp\/v2\/product\/3816","targetHints":{"allow":["GET"]}}],"collection":[{"href":"https:\/\/www.tahitiplaisirs.com\/en\/wp-json\/wp\/v2\/product"}],"about":[{"href":"https:\/\/www.tahitiplaisirs.com\/en\/wp-json\/wp\/v2\/types\/product"}],"version-history":[{"count":1,"href":"https:\/\/www.tahitiplaisirs.com\/en\/wp-json\/wp\/v2\/product\/3816\/revisions"}],"predecessor-version":[{"id":3846,"href":"https:\/\/www.tahitiplaisirs.com\/en\/wp-json\/wp\/v2\/product\/3816\/revisions\/3846"}],"wp:featuredmedia":[{"embeddable":true,"href":"https:\/\/www.tahitiplaisirs.com\/en\/wp-json\/wp\/v2\/media\/7108"}],"wp:attachment":[{"href":"https:\/\/www.tahitiplaisirs.com\/en\/wp-json\/wp\/v2\/media?parent=3816"}],"wp:term":[{"taxonomy":"product_brand","embeddable":true,"href":"https:\/\/www.tahitiplaisirs.com\/en\/wp-json\/wp\/v2\/product_brand?post=3816"},{"taxonomy":"product_cat","embeddable":true,"href":"https:\/\/www.tahitiplaisirs.com\/en\/wp-json\/wp\/v2\/product_cat?post=3816"},{"taxonomy":"product_tag","embeddable":true,"href":"https:\/\/www.tahitiplaisirs.com\/en\/wp-json\/wp\/v2\/product_tag?post=3816"}],"curies":[{"name":"wp","href":"https:\/\/api.w.org\/{rel}","templated":true}]}}