{"id":3849,"date":"2025-08-15T16:11:33","date_gmt":"2025-08-16T02:11:33","guid":{"rendered":"https:\/\/www.tahitiplaisirs.com\/?post_type=product&#038;p=3849"},"modified":"2026-03-23T14:26:08","modified_gmt":"2026-03-24T00:26:08","slug":"clitorisex-40ml","status":"publish","type":"product","link":"https:\/\/www.tahitiplaisirs.com\/en\/product\/clitorisex-40ml\/","title":{"rendered":"Clitorisex 40ml"},"content":{"rendered":"","protected":false},"excerpt":{"rendered":"<p>Clitorisex de Joy Division<\/p>\n<p>Cette cr\u00e8me stimulante a \u00e9t\u00e9 \u00e9labor\u00e9e pour les femmes connaissant une libido en baisse.<\/p>\n<p>Les raisons d\u2019une libido en berne sont multiples: choc \u00e9motionnel, s\u00e9paration, d\u00e9m\u00e9nagement, probl\u00e8mes personnels ou financiers, \u00e2ge.<\/p>\n<p>La cr\u00e8me stimulante naturelle pour femme Clitorisex permet de vous aider dans cette \u00e9tape difficile \u00e0 retrouver le plaisir et m\u00eame de l\u2019augmenter.<\/p>\n<p>Gr\u00e2ce \u00e0 sa\u00a0formule naturelle\u00a0\u00e0 base de plantes cet aphrodisiaque\u00a0lutte naturellement contre la s\u00e9cheresse vaginale et permet ainsi de ressentir des sensations jusqu\u2019alors oubli\u00e9es.<\/p>\n<p>Celle ci permet ainsi d\u2018atteindre l\u2019orgasme\u00a0plus facilement et m\u00eame de les\u00a0multiplier\u00a0en stimulant la zone du clitoris.<\/p>\n<p>Contenance : 40ml<\/p>","protected":false},"featured_media":7997,"template":"","meta":[],"product_brand":[],"product_cat":[49,63],"product_tag":[],"class_list":{"0":"post-3849","1":"product","2":"type-product","3":"status-publish","4":"has-post-thumbnail","6":"product_cat-bien-etre","7":"product_cat-pour-elle","10":"instock","11":"taxable","12":"shipping-taxable","13":"purchasable","14":"product-type-simple","15":"product-grid-view"},"_links":{"self":[{"href":"https:\/\/www.tahitiplaisirs.com\/en\/wp-json\/wp\/v2\/product\/3849","targetHints":{"allow":["GET"]}}],"collection":[{"href":"https:\/\/www.tahitiplaisirs.com\/en\/wp-json\/wp\/v2\/product"}],"about":[{"href":"https:\/\/www.tahitiplaisirs.com\/en\/wp-json\/wp\/v2\/types\/product"}],"version-history":[{"count":1,"href":"https:\/\/www.tahitiplaisirs.com\/en\/wp-json\/wp\/v2\/product\/3849\/revisions"}],"predecessor-version":[{"id":3879,"href":"https:\/\/www.tahitiplaisirs.com\/en\/wp-json\/wp\/v2\/product\/3849\/revisions\/3879"}],"wp:featuredmedia":[{"embeddable":true,"href":"https:\/\/www.tahitiplaisirs.com\/en\/wp-json\/wp\/v2\/media\/7997"}],"wp:attachment":[{"href":"https:\/\/www.tahitiplaisirs.com\/en\/wp-json\/wp\/v2\/media?parent=3849"}],"wp:term":[{"taxonomy":"product_brand","embeddable":true,"href":"https:\/\/www.tahitiplaisirs.com\/en\/wp-json\/wp\/v2\/product_brand?post=3849"},{"taxonomy":"product_cat","embeddable":true,"href":"https:\/\/www.tahitiplaisirs.com\/en\/wp-json\/wp\/v2\/product_cat?post=3849"},{"taxonomy":"product_tag","embeddable":true,"href":"https:\/\/www.tahitiplaisirs.com\/en\/wp-json\/wp\/v2\/product_tag?post=3849"}],"curies":[{"name":"wp","href":"https:\/\/api.w.org\/{rel}","templated":true}]}}