{"id":3853,"date":"2025-08-15T16:11:34","date_gmt":"2025-08-16T02:11:34","guid":{"rendered":"https:\/\/www.tahitiplaisirs.com\/?post_type=product&#038;p=3853"},"modified":"2026-03-21T14:22:20","modified_gmt":"2026-03-22T00:22:20","slug":"masturbateur-x-touch-anus","status":"publish","type":"product","link":"https:\/\/www.tahitiplaisirs.com\/en\/product\/masturbateur-x-touch-anus\/","title":{"rendered":"Masturbateur X-Touch anus"},"content":{"rendered":"","protected":false},"excerpt":{"rendered":"<p>Masturbateur X-Touch anus de Ohmama<\/p>\n<p>Masturbateur con\u00e7u avec un manchon tr\u00e8s doux et confortable.<\/p>\n<p>Il dispose d\u2019une balle vibrante pour augmenter les sensations.<\/p>\n<p>Ce produit est fabriqu\u00e9 \u00e0 partir d\u2019une seule pi\u00e8ce de mat\u00e9riau doux et extensible facile \u00e0 nettoyer.<\/p>","protected":false},"featured_media":7988,"template":"","meta":[],"product_brand":[],"product_cat":[78,47],"product_tag":[],"class_list":{"0":"post-3853","1":"product","2":"type-product","3":"status-publish","4":"has-post-thumbnail","6":"product_cat-masturbateurs","7":"product_cat-sextoys","10":"instock","11":"taxable","12":"shipping-taxable","13":"purchasable","14":"product-type-simple","15":"product-grid-view"},"_links":{"self":[{"href":"https:\/\/www.tahitiplaisirs.com\/en\/wp-json\/wp\/v2\/product\/3853","targetHints":{"allow":["GET"]}}],"collection":[{"href":"https:\/\/www.tahitiplaisirs.com\/en\/wp-json\/wp\/v2\/product"}],"about":[{"href":"https:\/\/www.tahitiplaisirs.com\/en\/wp-json\/wp\/v2\/types\/product"}],"version-history":[{"count":1,"href":"https:\/\/www.tahitiplaisirs.com\/en\/wp-json\/wp\/v2\/product\/3853\/revisions"}],"predecessor-version":[{"id":3883,"href":"https:\/\/www.tahitiplaisirs.com\/en\/wp-json\/wp\/v2\/product\/3853\/revisions\/3883"}],"wp:featuredmedia":[{"embeddable":true,"href":"https:\/\/www.tahitiplaisirs.com\/en\/wp-json\/wp\/v2\/media\/7988"}],"wp:attachment":[{"href":"https:\/\/www.tahitiplaisirs.com\/en\/wp-json\/wp\/v2\/media?parent=3853"}],"wp:term":[{"taxonomy":"product_brand","embeddable":true,"href":"https:\/\/www.tahitiplaisirs.com\/en\/wp-json\/wp\/v2\/product_brand?post=3853"},{"taxonomy":"product_cat","embeddable":true,"href":"https:\/\/www.tahitiplaisirs.com\/en\/wp-json\/wp\/v2\/product_cat?post=3853"},{"taxonomy":"product_tag","embeddable":true,"href":"https:\/\/www.tahitiplaisirs.com\/en\/wp-json\/wp\/v2\/product_tag?post=3853"}],"curies":[{"name":"wp","href":"https:\/\/api.w.org\/{rel}","templated":true}]}}