{"id":3865,"date":"2025-09-29T14:20:34","date_gmt":"2025-09-30T00:20:34","guid":{"rendered":"https:\/\/www.tahitiplaisirs.com\/?post_type=product&#038;p=3865"},"modified":"2026-03-21T14:22:10","modified_gmt":"2026-03-22T00:22:10","slug":"vibromasseur-zoa-rose","status":"publish","type":"product","link":"https:\/\/www.tahitiplaisirs.com\/en\/product\/vibromasseur-zoa-rose\/","title":{"rendered":"Vibromasseur Zoa rose"},"content":{"rendered":"","protected":false},"excerpt":{"rendered":"<p>Vibromasseur Zoa rose de Shunga Erotic Art<\/p>\n<p>Zoa est un vibromasseur rechargeable avec un design raffin\u00e9 et unique dot\u00e9 d&rsquo;un moteur puissant haute performance avec 5 niveaux d&rsquo;intensit\u00e9.<\/p>\n<p>Fabriqu\u00e9 en silicone hypoallerg\u00e9nique, sa prise en main agr\u00e9able permettra un positionnement pr\u00e9cis et sans effort sur les zones \u00e9rog\u00e8nes.<\/p>\n<p>Son moteur puissant propose dix modes de vibration, qui vous accompagneront vers une multitude d&rsquo;orgasmes m\u00e9morables m\u00eame dans votre bain ou sous la douche.<\/p>","protected":false},"featured_media":9112,"template":"","meta":[],"product_brand":[90],"product_cat":[47,48,64],"product_tag":[],"class_list":{"0":"post-3865","1":"product","2":"type-product","3":"status-publish","4":"has-post-thumbnail","6":"product_brand-shunga-erotic-art","7":"product_cat-sextoys","8":"product_cat-stimulateurs-clitoridiens","9":"product_cat-vibromasseurs","12":"instock","13":"taxable","14":"shipping-taxable","15":"purchasable","16":"product-type-simple","17":"product-grid-view"},"_links":{"self":[{"href":"https:\/\/www.tahitiplaisirs.com\/en\/wp-json\/wp\/v2\/product\/3865","targetHints":{"allow":["GET"]}}],"collection":[{"href":"https:\/\/www.tahitiplaisirs.com\/en\/wp-json\/wp\/v2\/product"}],"about":[{"href":"https:\/\/www.tahitiplaisirs.com\/en\/wp-json\/wp\/v2\/types\/product"}],"version-history":[{"count":3,"href":"https:\/\/www.tahitiplaisirs.com\/en\/wp-json\/wp\/v2\/product\/3865\/revisions"}],"predecessor-version":[{"id":9131,"href":"https:\/\/www.tahitiplaisirs.com\/en\/wp-json\/wp\/v2\/product\/3865\/revisions\/9131"}],"wp:featuredmedia":[{"embeddable":true,"href":"https:\/\/www.tahitiplaisirs.com\/en\/wp-json\/wp\/v2\/media\/9112"}],"wp:attachment":[{"href":"https:\/\/www.tahitiplaisirs.com\/en\/wp-json\/wp\/v2\/media?parent=3865"}],"wp:term":[{"taxonomy":"product_brand","embeddable":true,"href":"https:\/\/www.tahitiplaisirs.com\/en\/wp-json\/wp\/v2\/product_brand?post=3865"},{"taxonomy":"product_cat","embeddable":true,"href":"https:\/\/www.tahitiplaisirs.com\/en\/wp-json\/wp\/v2\/product_cat?post=3865"},{"taxonomy":"product_tag","embeddable":true,"href":"https:\/\/www.tahitiplaisirs.com\/en\/wp-json\/wp\/v2\/product_tag?post=3865"}],"curies":[{"name":"wp","href":"https:\/\/api.w.org\/{rel}","templated":true}]}}