{"id":3869,"date":"2025-08-15T16:11:34","date_gmt":"2025-08-16T02:11:34","guid":{"rendered":"https:\/\/www.tahitiplaisirs.com\/?post_type=product&#038;p=3869"},"modified":"2026-03-27T12:01:06","modified_gmt":"2026-03-27T22:01:06","slug":"preservatifs-my-size-pro-n49-x3","status":"publish","type":"product","link":"https:\/\/www.tahitiplaisirs.com\/en\/product\/preservatifs-my-size-pro-n49-x3\/","title":{"rendered":"Pr\u00e9servatifs My Size Pro n\u00b049 X3"},"content":{"rendered":"","protected":false},"excerpt":{"rendered":"<p>Pr\u00e9servatifs N\u00b049 de My Size Pro<\/p>\n<p>My Size Pro est une marque de pr\u00e9servatifs qui offre sept diff\u00e9rentes tailles de pr\u00e9servatifs allant 47mm \u00e0 69mm de largeur.<\/p>\n<p>Particuli\u00e8rement faible en allerg\u00e8nes et forte r\u00e9duction de l&rsquo;odeur du pr\u00e9servatif gr\u00e2ce \u00e0 l&rsquo;utilisation de latex VYTEX tr\u00e8s pur.<\/p>\n<p>Celui-ci contient plus de 90 % de prot\u00e9ines de latex en moins, donc est pratiquement exempt de prot\u00e9ines et d&rsquo;impuret\u00e9s allerg\u00e8nes.<\/p>\n<p>La bo\u00eete de pr\u00e9servatifs My.Size Pro 49 est id\u00e9al pour les p\u00e9nis d&rsquo;une circonf\u00e9rence entre 10 et 11 cm, soit un diam\u00e8tre de 49 mm.<\/p>\n<ul>\n<li>\u00c9paisseur : 70 microns<\/li>\n<li>Longueur : 160 mm<\/li>\n<li>Mati\u00e8re : Latex<\/li>\n<li>Surface : Lisse<\/li>\n<li>R\u00e9servoir : Oui<\/li>\n<li>Lubrifi\u00e9 : Oui<\/li>\n<li>Couleur : Transparent<\/li>\n<li>Norme : CE<\/li>\n<li>Contenance : 3<\/li>\n<li>Parfum : Non parfum\u00e9<\/li>\n<\/ul>","protected":false},"featured_media":7995,"template":"","meta":[],"product_brand":[],"product_cat":[49,81,82],"product_tag":[],"class_list":{"0":"post-3869","1":"product","2":"type-product","3":"status-publish","4":"has-post-thumbnail","6":"product_cat-bien-etre","7":"product_cat-hygiene","8":"product_cat-preservatifs","11":"instock","12":"taxable","13":"shipping-taxable","14":"purchasable","15":"product-type-simple","16":"product-grid-view"},"_links":{"self":[{"href":"https:\/\/www.tahitiplaisirs.com\/en\/wp-json\/wp\/v2\/product\/3869","targetHints":{"allow":["GET"]}}],"collection":[{"href":"https:\/\/www.tahitiplaisirs.com\/en\/wp-json\/wp\/v2\/product"}],"about":[{"href":"https:\/\/www.tahitiplaisirs.com\/en\/wp-json\/wp\/v2\/types\/product"}],"version-history":[{"count":1,"href":"https:\/\/www.tahitiplaisirs.com\/en\/wp-json\/wp\/v2\/product\/3869\/revisions"}],"predecessor-version":[{"id":3899,"href":"https:\/\/www.tahitiplaisirs.com\/en\/wp-json\/wp\/v2\/product\/3869\/revisions\/3899"}],"wp:featuredmedia":[{"embeddable":true,"href":"https:\/\/www.tahitiplaisirs.com\/en\/wp-json\/wp\/v2\/media\/7995"}],"wp:attachment":[{"href":"https:\/\/www.tahitiplaisirs.com\/en\/wp-json\/wp\/v2\/media?parent=3869"}],"wp:term":[{"taxonomy":"product_brand","embeddable":true,"href":"https:\/\/www.tahitiplaisirs.com\/en\/wp-json\/wp\/v2\/product_brand?post=3869"},{"taxonomy":"product_cat","embeddable":true,"href":"https:\/\/www.tahitiplaisirs.com\/en\/wp-json\/wp\/v2\/product_cat?post=3869"},{"taxonomy":"product_tag","embeddable":true,"href":"https:\/\/www.tahitiplaisirs.com\/en\/wp-json\/wp\/v2\/product_tag?post=3869"}],"curies":[{"name":"wp","href":"https:\/\/api.w.org\/{rel}","templated":true}]}}