{"id":3870,"date":"2025-08-15T16:11:34","date_gmt":"2025-08-16T02:11:34","guid":{"rendered":"https:\/\/www.tahitiplaisirs.com\/?post_type=product&#038;p=3870"},"modified":"2026-03-21T14:22:07","modified_gmt":"2026-03-22T00:22:07","slug":"preservatifs-my-size-pro-n57-x3","status":"publish","type":"product","link":"https:\/\/www.tahitiplaisirs.com\/en\/product\/preservatifs-my-size-pro-n57-x3\/","title":{"rendered":"Pr\u00e9servatifs My Size Pro n\u00b057 X3"},"content":{"rendered":"","protected":false},"excerpt":{"rendered":"<p>Pr\u00e9servatifs N\u00b057 de My Size Pro<\/p>\n<p>My Size Pro est une marque de pr\u00e9servatifs qui offre diff\u00e9rentes tailles de pr\u00e9servatifs.<\/p>\n<p>Particuli\u00e8rement faible en allerg\u00e8nes et forte r\u00e9duction de l&rsquo;odeur du pr\u00e9servatif gr\u00e2ce \u00e0 l&rsquo;utilisation de latex VYTEX tr\u00e8s pur.<\/p>\n<p>Celui-ci contient plus de 90 % de prot\u00e9ines de latex en moins, donc est pratiquement exempt de prot\u00e9ines et d&rsquo;impuret\u00e9s allerg\u00e8nes.<\/p>\n<p>La bo\u00eete de pr\u00e9servatifs My Size Pro 57 est id\u00e9al pour les p\u00e9nis d&rsquo;une circonf\u00e9rence entre 11.5 et 12cm, soit un diam\u00e8tre de 57mm.<\/p>\n<ul>\n<li>\u00c9paisseur : 70 microns<\/li>\n<li>Longueur : 178 mm<\/li>\n<li>Mati\u00e8re : Latex<\/li>\n<li>Surface : Lisse<\/li>\n<li>R\u00e9servoir : Oui<\/li>\n<li>Lubrifi\u00e9 : Oui<\/li>\n<li>Couleur : Transparent<\/li>\n<li>Norme : CE<\/li>\n<li>Contenance : 3<\/li>\n<li>Parfum : Non parfum\u00e9<\/li>\n<\/ul>\n<p>&nbsp;<\/p>","protected":false},"featured_media":8973,"template":"","meta":[],"product_brand":[],"product_cat":[49,81,51,82],"product_tag":[],"class_list":{"0":"post-3870","1":"product","2":"type-product","3":"status-publish","4":"has-post-thumbnail","6":"product_cat-bien-etre","7":"product_cat-hygiene","8":"product_cat-pour-lui","9":"product_cat-preservatifs","12":"instock","13":"taxable","14":"shipping-taxable","15":"purchasable","16":"product-type-simple","17":"product-grid-view"},"_links":{"self":[{"href":"https:\/\/www.tahitiplaisirs.com\/en\/wp-json\/wp\/v2\/product\/3870","targetHints":{"allow":["GET"]}}],"collection":[{"href":"https:\/\/www.tahitiplaisirs.com\/en\/wp-json\/wp\/v2\/product"}],"about":[{"href":"https:\/\/www.tahitiplaisirs.com\/en\/wp-json\/wp\/v2\/types\/product"}],"version-history":[{"count":2,"href":"https:\/\/www.tahitiplaisirs.com\/en\/wp-json\/wp\/v2\/product\/3870\/revisions"}],"predecessor-version":[{"id":8988,"href":"https:\/\/www.tahitiplaisirs.com\/en\/wp-json\/wp\/v2\/product\/3870\/revisions\/8988"}],"wp:featuredmedia":[{"embeddable":true,"href":"https:\/\/www.tahitiplaisirs.com\/en\/wp-json\/wp\/v2\/media\/8973"}],"wp:attachment":[{"href":"https:\/\/www.tahitiplaisirs.com\/en\/wp-json\/wp\/v2\/media?parent=3870"}],"wp:term":[{"taxonomy":"product_brand","embeddable":true,"href":"https:\/\/www.tahitiplaisirs.com\/en\/wp-json\/wp\/v2\/product_brand?post=3870"},{"taxonomy":"product_cat","embeddable":true,"href":"https:\/\/www.tahitiplaisirs.com\/en\/wp-json\/wp\/v2\/product_cat?post=3870"},{"taxonomy":"product_tag","embeddable":true,"href":"https:\/\/www.tahitiplaisirs.com\/en\/wp-json\/wp\/v2\/product_tag?post=3870"}],"curies":[{"name":"wp","href":"https:\/\/api.w.org\/{rel}","templated":true}]}}