{"id":3872,"date":"2025-08-15T16:11:34","date_gmt":"2025-08-16T02:11:34","guid":{"rendered":"https:\/\/www.tahitiplaisirs.com\/?post_type=product&#038;p=3872"},"modified":"2026-04-08T10:56:04","modified_gmt":"2026-04-08T20:56:04","slug":"preservatifs-fun-mix-x6","status":"publish","type":"product","link":"https:\/\/www.tahitiplaisirs.com\/en\/product\/preservatifs-fun-mix-x6\/","title":{"rendered":"Pr\u00e9servatifs Fun Mix X6"},"content":{"rendered":"","protected":false},"excerpt":{"rendered":"<p>Pr\u00e9servatifs Fun Mix X6 de Control<\/p>\n<p>Lot de 6 pr\u00e9servatifs de trois vari\u00e9t\u00e9s diff\u00e9rentes :<\/p>\n<p>&#8211; 2 pr\u00e9servatifs Control Touch and Feel\u00a0\u00bb avec une texture pointill\u00e9e et nervur\u00e9e pour un plaisir extr\u00eame.<\/p>\n<p>&#8211; 2 pr\u00e9servatifs Control Finissimo avec une \u00e9paisseur super fine pour plus de plaisir et de contact.<\/p>\n<p>&#8211; 2 pr\u00e9servatifs Control Xtra Lube, une lubrification suppl\u00e9mentaire pour des relations plus faciles et plus satisfaisantes.<\/p>\n<p>&nbsp;<\/p>","protected":false},"featured_media":8962,"template":"","meta":[],"product_brand":[],"product_cat":[49,81,82],"product_tag":[],"class_list":{"0":"post-3872","1":"product","2":"type-product","3":"status-publish","4":"has-post-thumbnail","6":"product_cat-bien-etre","7":"product_cat-hygiene","8":"product_cat-preservatifs","11":"instock","12":"taxable","13":"shipping-taxable","14":"purchasable","15":"product-type-simple","16":"product-grid-view"},"_links":{"self":[{"href":"https:\/\/www.tahitiplaisirs.com\/en\/wp-json\/wp\/v2\/product\/3872","targetHints":{"allow":["GET"]}}],"collection":[{"href":"https:\/\/www.tahitiplaisirs.com\/en\/wp-json\/wp\/v2\/product"}],"about":[{"href":"https:\/\/www.tahitiplaisirs.com\/en\/wp-json\/wp\/v2\/types\/product"}],"version-history":[{"count":2,"href":"https:\/\/www.tahitiplaisirs.com\/en\/wp-json\/wp\/v2\/product\/3872\/revisions"}],"predecessor-version":[{"id":8964,"href":"https:\/\/www.tahitiplaisirs.com\/en\/wp-json\/wp\/v2\/product\/3872\/revisions\/8964"}],"wp:featuredmedia":[{"embeddable":true,"href":"https:\/\/www.tahitiplaisirs.com\/en\/wp-json\/wp\/v2\/media\/8962"}],"wp:attachment":[{"href":"https:\/\/www.tahitiplaisirs.com\/en\/wp-json\/wp\/v2\/media?parent=3872"}],"wp:term":[{"taxonomy":"product_brand","embeddable":true,"href":"https:\/\/www.tahitiplaisirs.com\/en\/wp-json\/wp\/v2\/product_brand?post=3872"},{"taxonomy":"product_cat","embeddable":true,"href":"https:\/\/www.tahitiplaisirs.com\/en\/wp-json\/wp\/v2\/product_cat?post=3872"},{"taxonomy":"product_tag","embeddable":true,"href":"https:\/\/www.tahitiplaisirs.com\/en\/wp-json\/wp\/v2\/product_tag?post=3872"}],"curies":[{"name":"wp","href":"https:\/\/api.w.org\/{rel}","templated":true}]}}