{"id":3873,"date":"2025-08-15T16:11:35","date_gmt":"2025-08-16T02:11:35","guid":{"rendered":"https:\/\/www.tahitiplaisirs.com\/?post_type=product&#038;p=3873"},"modified":"2026-03-27T11:01:16","modified_gmt":"2026-03-27T21:01:16","slug":"preservatifs-hot-passion-x10","status":"publish","type":"product","link":"https:\/\/www.tahitiplaisirs.com\/en\/product\/preservatifs-hot-passion-x10\/","title":{"rendered":"Pr\u00e9servatifs Hot Passion X10"},"content":{"rendered":"","protected":false},"excerpt":{"rendered":"<p>Pr\u00e9servatifs Hot Passion X6 de Control<\/p>\n<p>Lot de 10 pr\u00e9servatifs perl\u00e9s et nervur\u00e9s pour augmenter les sensations, agr\u00e9ment\u00e9s d&rsquo;un lubrifiant \u00e0 effet chaud pour un rapport plus hot.<\/p>\n<p>Longueur : 190mm<\/p>\n<p>Largeur nominale : 53mm<\/p>\n<p>Mati\u00e8re : Latex<\/p>\n<p>Surface : Perl\u00e9e et nervur\u00e9e<\/p>\n<p>R\u00e9servoir : Oui<\/p>\n<p>Lubrifi\u00e9 : Oui + effet chaud<\/p>\n<p>Couleur : Transparent<\/p>\n<p>Norme : CE<\/p>\n<p>Contenance : 10<\/p>\n<p>Parfum : Non parfum\u00e9<\/p>\n<p>&nbsp;<\/p>","protected":false},"featured_media":8960,"template":"","meta":[],"product_brand":[],"product_cat":[49,81,82],"product_tag":[],"class_list":{"0":"post-3873","1":"product","2":"type-product","3":"status-publish","4":"has-post-thumbnail","6":"product_cat-bien-etre","7":"product_cat-hygiene","8":"product_cat-preservatifs","11":"instock","12":"taxable","13":"shipping-taxable","14":"purchasable","15":"product-type-simple","16":"product-grid-view"},"_links":{"self":[{"href":"https:\/\/www.tahitiplaisirs.com\/en\/wp-json\/wp\/v2\/product\/3873","targetHints":{"allow":["GET"]}}],"collection":[{"href":"https:\/\/www.tahitiplaisirs.com\/en\/wp-json\/wp\/v2\/product"}],"about":[{"href":"https:\/\/www.tahitiplaisirs.com\/en\/wp-json\/wp\/v2\/types\/product"}],"version-history":[{"count":2,"href":"https:\/\/www.tahitiplaisirs.com\/en\/wp-json\/wp\/v2\/product\/3873\/revisions"}],"predecessor-version":[{"id":8965,"href":"https:\/\/www.tahitiplaisirs.com\/en\/wp-json\/wp\/v2\/product\/3873\/revisions\/8965"}],"wp:featuredmedia":[{"embeddable":true,"href":"https:\/\/www.tahitiplaisirs.com\/en\/wp-json\/wp\/v2\/media\/8960"}],"wp:attachment":[{"href":"https:\/\/www.tahitiplaisirs.com\/en\/wp-json\/wp\/v2\/media?parent=3873"}],"wp:term":[{"taxonomy":"product_brand","embeddable":true,"href":"https:\/\/www.tahitiplaisirs.com\/en\/wp-json\/wp\/v2\/product_brand?post=3873"},{"taxonomy":"product_cat","embeddable":true,"href":"https:\/\/www.tahitiplaisirs.com\/en\/wp-json\/wp\/v2\/product_cat?post=3873"},{"taxonomy":"product_tag","embeddable":true,"href":"https:\/\/www.tahitiplaisirs.com\/en\/wp-json\/wp\/v2\/product_tag?post=3873"}],"curies":[{"name":"wp","href":"https:\/\/api.w.org\/{rel}","templated":true}]}}