{"id":3874,"date":"2025-08-15T16:11:35","date_gmt":"2025-08-16T02:11:35","guid":{"rendered":"https:\/\/www.tahitiplaisirs.com\/?post_type=product&#038;p=3874"},"modified":"2026-03-27T11:02:16","modified_gmt":"2026-03-27T21:02:16","slug":"preservatifs-fussion-x12","status":"publish","type":"product","link":"https:\/\/www.tahitiplaisirs.com\/en\/product\/preservatifs-fussion-x12\/","title":{"rendered":"Pr\u00e9servatifs Fussion X12"},"content":{"rendered":"","protected":false},"excerpt":{"rendered":"<p>Pr\u00e9servatifs Fussion X12 de Control<\/p>\n<p>Lot de 12 pr\u00e9servatifs aromatis\u00e9s, un mix de parfums aphrodisiaques :<\/p>\n<p>&#8211; 4 au chocolat<\/p>\n<p>&#8211; 4 \u00e0 la p\u00eache<\/p>\n<p>&#8211; 4 \u00e0 la fraise<\/p>\n<p>En latex, ces 12 pr\u00e9servatifs color\u00e9s selon le parfum disposent d&rsquo;un r\u00e9servoir et sont lubrifi\u00e9s.<\/p>\n<p>Fabriqu\u00e9s en Espagne.<\/p>\n<p>Ils respectent la norme CE.<\/p>\n<p>&nbsp;<\/p>","protected":false},"featured_media":11155,"template":"","meta":[],"product_brand":[],"product_cat":[49,81,82],"product_tag":[],"class_list":{"0":"post-3874","1":"product","2":"type-product","3":"status-publish","4":"has-post-thumbnail","6":"product_cat-bien-etre","7":"product_cat-hygiene","8":"product_cat-preservatifs","11":"instock","12":"taxable","13":"shipping-taxable","14":"purchasable","15":"product-type-simple","16":"product-grid-view"},"_links":{"self":[{"href":"https:\/\/www.tahitiplaisirs.com\/en\/wp-json\/wp\/v2\/product\/3874","targetHints":{"allow":["GET"]}}],"collection":[{"href":"https:\/\/www.tahitiplaisirs.com\/en\/wp-json\/wp\/v2\/product"}],"about":[{"href":"https:\/\/www.tahitiplaisirs.com\/en\/wp-json\/wp\/v2\/types\/product"}],"version-history":[{"count":2,"href":"https:\/\/www.tahitiplaisirs.com\/en\/wp-json\/wp\/v2\/product\/3874\/revisions"}],"predecessor-version":[{"id":11157,"href":"https:\/\/www.tahitiplaisirs.com\/en\/wp-json\/wp\/v2\/product\/3874\/revisions\/11157"}],"wp:featuredmedia":[{"embeddable":true,"href":"https:\/\/www.tahitiplaisirs.com\/en\/wp-json\/wp\/v2\/media\/11155"}],"wp:attachment":[{"href":"https:\/\/www.tahitiplaisirs.com\/en\/wp-json\/wp\/v2\/media?parent=3874"}],"wp:term":[{"taxonomy":"product_brand","embeddable":true,"href":"https:\/\/www.tahitiplaisirs.com\/en\/wp-json\/wp\/v2\/product_brand?post=3874"},{"taxonomy":"product_cat","embeddable":true,"href":"https:\/\/www.tahitiplaisirs.com\/en\/wp-json\/wp\/v2\/product_cat?post=3874"},{"taxonomy":"product_tag","embeddable":true,"href":"https:\/\/www.tahitiplaisirs.com\/en\/wp-json\/wp\/v2\/product_tag?post=3874"}],"curies":[{"name":"wp","href":"https:\/\/api.w.org\/{rel}","templated":true}]}}