{"id":3875,"date":"2025-08-15T16:11:35","date_gmt":"2025-08-16T02:11:35","guid":{"rendered":"https:\/\/www.tahitiplaisirs.com\/?post_type=product&#038;p=3875"},"modified":"2026-03-04T11:03:03","modified_gmt":"2026-03-04T21:03:03","slug":"combi-integrale-rouge-kl-s-l","status":"publish","type":"product","link":"https:\/\/www.tahitiplaisirs.com\/en\/product\/combi-integrale-rouge-kl-s-l\/","title":{"rendered":"Combi int\u00e9grale rouge KL S-L"},"content":{"rendered":"","protected":false},"excerpt":{"rendered":"<p>Combi int\u00e9grale rouge S-L Killer Legs<\/p>\n<p>Combi int\u00e9grale dot\u00e9 d&rsquo;un col montant orn\u00e9 de multiples perforations, bustier en V pour sublimer votre silhouette.<\/p>\n<p>Les motifs de r\u00e9sille de diff\u00e9rentes tailles et lignes cr\u00e9ent une pi\u00e8ce sophistiqu\u00e9e.<\/p>\n<p><span dir=\"auto\">String inclus.<\/span><\/p>\n<p><span dir=\"auto\">Composition : 92 % nylon, 8 % \u00e9lasthanne<\/span><\/p>","protected":false},"featured_media":10350,"template":"","meta":[],"product_brand":[136],"product_cat":[73,74,63],"product_tag":[],"class_list":{"0":"post-3875","1":"product","2":"type-product","3":"status-publish","4":"has-post-thumbnail","6":"product_brand-killer-legs","7":"product_cat-lingerie-sexy","8":"product_cat-nuisettes-bodys-et-set","9":"product_cat-pour-elle","12":"instock","13":"taxable","14":"shipping-taxable","15":"purchasable","16":"product-type-simple","17":"product-grid-view"},"_links":{"self":[{"href":"https:\/\/www.tahitiplaisirs.com\/en\/wp-json\/wp\/v2\/product\/3875","targetHints":{"allow":["GET"]}}],"collection":[{"href":"https:\/\/www.tahitiplaisirs.com\/en\/wp-json\/wp\/v2\/product"}],"about":[{"href":"https:\/\/www.tahitiplaisirs.com\/en\/wp-json\/wp\/v2\/types\/product"}],"version-history":[{"count":3,"href":"https:\/\/www.tahitiplaisirs.com\/en\/wp-json\/wp\/v2\/product\/3875\/revisions"}],"predecessor-version":[{"id":10364,"href":"https:\/\/www.tahitiplaisirs.com\/en\/wp-json\/wp\/v2\/product\/3875\/revisions\/10364"}],"wp:featuredmedia":[{"embeddable":true,"href":"https:\/\/www.tahitiplaisirs.com\/en\/wp-json\/wp\/v2\/media\/10350"}],"wp:attachment":[{"href":"https:\/\/www.tahitiplaisirs.com\/en\/wp-json\/wp\/v2\/media?parent=3875"}],"wp:term":[{"taxonomy":"product_brand","embeddable":true,"href":"https:\/\/www.tahitiplaisirs.com\/en\/wp-json\/wp\/v2\/product_brand?post=3875"},{"taxonomy":"product_cat","embeddable":true,"href":"https:\/\/www.tahitiplaisirs.com\/en\/wp-json\/wp\/v2\/product_cat?post=3875"},{"taxonomy":"product_tag","embeddable":true,"href":"https:\/\/www.tahitiplaisirs.com\/en\/wp-json\/wp\/v2\/product_tag?post=3875"}],"curies":[{"name":"wp","href":"https:\/\/api.w.org\/{rel}","templated":true}]}}