{"id":3910,"date":"2025-08-15T16:11:37","date_gmt":"2025-08-16T02:11:37","guid":{"rendered":"https:\/\/www.tahitiplaisirs.com\/?post_type=product&#038;p=3910"},"modified":"2026-02-24T15:20:09","modified_gmt":"2026-02-25T01:20:09","slug":"masturbateur-vagina-and-anal","status":"publish","type":"product","link":"https:\/\/www.tahitiplaisirs.com\/en\/product\/masturbateur-vagina-and-anal\/","title":{"rendered":"Masturbateur Vagina and Anal"},"content":{"rendered":"","protected":false},"excerpt":{"rendered":"<p>Masturbateur Vagina and Anal de Crazy Bull<\/p>\n<p><span dir=\"auto\">Voici un masturbateur pour des moments de plaisir intense !<\/span><\/p>\n<p>Fabriqu\u00e9 en TPE doux et agr\u00e9able pour la peau, ce masturbateur est parfait pour vos branlettes solitaires ou en couple.<\/p>\n<p><span dir=\"auto\">Il est dot\u00e9 de deux orifices et comprend deux \u0153ufs pour des vibrations parfaitement dos\u00e9es.<\/span><\/p>\n<p><span dir=\"auto\">Compatible avec les lubrifiants \u00e0 base d&rsquo;eau.<\/span><\/p>","protected":false},"featured_media":10097,"template":"","meta":[],"product_brand":[],"product_cat":[78,51,47],"product_tag":[],"class_list":{"0":"post-3910","1":"product","2":"type-product","3":"status-publish","4":"has-post-thumbnail","6":"product_cat-masturbateurs","7":"product_cat-pour-lui","8":"product_cat-sextoys","11":"instock","12":"taxable","13":"shipping-taxable","14":"purchasable","15":"product-type-simple","16":"product-grid-view"},"_links":{"self":[{"href":"https:\/\/www.tahitiplaisirs.com\/en\/wp-json\/wp\/v2\/product\/3910","targetHints":{"allow":["GET"]}}],"collection":[{"href":"https:\/\/www.tahitiplaisirs.com\/en\/wp-json\/wp\/v2\/product"}],"about":[{"href":"https:\/\/www.tahitiplaisirs.com\/en\/wp-json\/wp\/v2\/types\/product"}],"version-history":[{"count":4,"href":"https:\/\/www.tahitiplaisirs.com\/en\/wp-json\/wp\/v2\/product\/3910\/revisions"}],"predecessor-version":[{"id":10104,"href":"https:\/\/www.tahitiplaisirs.com\/en\/wp-json\/wp\/v2\/product\/3910\/revisions\/10104"}],"wp:featuredmedia":[{"embeddable":true,"href":"https:\/\/www.tahitiplaisirs.com\/en\/wp-json\/wp\/v2\/media\/10097"}],"wp:attachment":[{"href":"https:\/\/www.tahitiplaisirs.com\/en\/wp-json\/wp\/v2\/media?parent=3910"}],"wp:term":[{"taxonomy":"product_brand","embeddable":true,"href":"https:\/\/www.tahitiplaisirs.com\/en\/wp-json\/wp\/v2\/product_brand?post=3910"},{"taxonomy":"product_cat","embeddable":true,"href":"https:\/\/www.tahitiplaisirs.com\/en\/wp-json\/wp\/v2\/product_cat?post=3910"},{"taxonomy":"product_tag","embeddable":true,"href":"https:\/\/www.tahitiplaisirs.com\/en\/wp-json\/wp\/v2\/product_tag?post=3910"}],"curies":[{"name":"wp","href":"https:\/\/api.w.org\/{rel}","templated":true}]}}