{"id":3911,"date":"2025-08-15T16:11:37","date_gmt":"2025-08-16T02:11:37","guid":{"rendered":"https:\/\/www.tahitiplaisirs.com\/?post_type=product&#038;p=3911"},"modified":"2026-03-21T14:22:11","modified_gmt":"2026-03-22T00:22:11","slug":"top-jupe-noir-em-s-l","status":"publish","type":"product","link":"https:\/\/www.tahitiplaisirs.com\/en\/product\/top-jupe-noir-em-s-l\/","title":{"rendered":"Top + jupe noir EM S-L"},"content":{"rendered":"","protected":false},"excerpt":{"rendered":"<p>Top + jupe noir S-L de Elegant Moments<\/p>\n<p><span dir=\"auto\">Ensemble compos\u00e9 d&rsquo;un haut caraco en dentelle avec cha\u00eene attach\u00e9e et poignets resserr\u00e9s et d&rsquo;une mini jupe assortie \u00e0 dos nu.<\/span><\/p>\n<p><span dir=\"auto\">Mati\u00e8re : 90 % nylon, 10 % \u00e9lasthanne<\/span><\/p>","protected":false},"featured_media":9272,"template":"","meta":[],"product_brand":[],"product_cat":[73,74,63],"product_tag":[],"class_list":{"0":"post-3911","1":"product","2":"type-product","3":"status-publish","4":"has-post-thumbnail","6":"product_cat-lingerie-sexy","7":"product_cat-nuisettes-bodys-et-set","8":"product_cat-pour-elle","11":"instock","12":"taxable","13":"shipping-taxable","14":"purchasable","15":"product-type-simple","16":"product-grid-view"},"_links":{"self":[{"href":"https:\/\/www.tahitiplaisirs.com\/en\/wp-json\/wp\/v2\/product\/3911","targetHints":{"allow":["GET"]}}],"collection":[{"href":"https:\/\/www.tahitiplaisirs.com\/en\/wp-json\/wp\/v2\/product"}],"about":[{"href":"https:\/\/www.tahitiplaisirs.com\/en\/wp-json\/wp\/v2\/types\/product"}],"version-history":[{"count":3,"href":"https:\/\/www.tahitiplaisirs.com\/en\/wp-json\/wp\/v2\/product\/3911\/revisions"}],"predecessor-version":[{"id":9274,"href":"https:\/\/www.tahitiplaisirs.com\/en\/wp-json\/wp\/v2\/product\/3911\/revisions\/9274"}],"wp:featuredmedia":[{"embeddable":true,"href":"https:\/\/www.tahitiplaisirs.com\/en\/wp-json\/wp\/v2\/media\/9272"}],"wp:attachment":[{"href":"https:\/\/www.tahitiplaisirs.com\/en\/wp-json\/wp\/v2\/media?parent=3911"}],"wp:term":[{"taxonomy":"product_brand","embeddable":true,"href":"https:\/\/www.tahitiplaisirs.com\/en\/wp-json\/wp\/v2\/product_brand?post=3911"},{"taxonomy":"product_cat","embeddable":true,"href":"https:\/\/www.tahitiplaisirs.com\/en\/wp-json\/wp\/v2\/product_cat?post=3911"},{"taxonomy":"product_tag","embeddable":true,"href":"https:\/\/www.tahitiplaisirs.com\/en\/wp-json\/wp\/v2\/product_tag?post=3911"}],"curies":[{"name":"wp","href":"https:\/\/api.w.org\/{rel}","templated":true}]}}