{"id":3915,"date":"2025-08-15T16:11:38","date_gmt":"2025-08-16T02:11:38","guid":{"rendered":"https:\/\/www.tahitiplaisirs.com\/?post_type=product&#038;p=3915"},"modified":"2026-02-24T15:20:15","modified_gmt":"2026-02-25T01:20:15","slug":"double-dong-supreme-40cm","status":"publish","type":"product","link":"https:\/\/www.tahitiplaisirs.com\/en\/product\/double-dong-supreme-40cm\/","title":{"rendered":"Double dong Supreme 40cm"},"content":{"rendered":"","protected":false},"excerpt":{"rendered":"<p>Double dong Supreme 40cm de Alive<\/p>\n<p>Double dong flexible avec une texture jelly transparente et ultra glissante.<\/p>\n<p>Les deux glands aux extr\u00e9mit\u00e9s sont identiques et les veines sont apparentes pour offrir un maximum de r\u00e9alisme.<\/p>\n<p>Ce double dong mesure 40cm pour un diam\u00e8tre de 4cm, il est sans phtalates donc respectueux de votre corps et de la plan\u00e8te.<\/p>\n<p>Pour une utilisation optimale de votre sextoy, Tahiti Plaisirs recommande l&rsquo;utilisation d&rsquo;un lubrifiant \u00e0 base d&rsquo;eau.<\/p>\n<p>Veillez \u00e0 bien nettoyer votre jouet avant et apr\u00e8s chaque utilisation.<\/p>","protected":false},"featured_media":9982,"template":"","meta":[],"product_brand":[95],"product_cat":[53,47],"product_tag":[],"class_list":{"0":"post-3915","1":"product","2":"type-product","3":"status-publish","4":"has-post-thumbnail","6":"product_brand-alive","7":"product_cat-godemichets","8":"product_cat-sextoys","11":"instock","12":"taxable","13":"shipping-taxable","14":"purchasable","15":"product-type-simple","16":"product-grid-view"},"_links":{"self":[{"href":"https:\/\/www.tahitiplaisirs.com\/en\/wp-json\/wp\/v2\/product\/3915","targetHints":{"allow":["GET"]}}],"collection":[{"href":"https:\/\/www.tahitiplaisirs.com\/en\/wp-json\/wp\/v2\/product"}],"about":[{"href":"https:\/\/www.tahitiplaisirs.com\/en\/wp-json\/wp\/v2\/types\/product"}],"version-history":[{"count":3,"href":"https:\/\/www.tahitiplaisirs.com\/en\/wp-json\/wp\/v2\/product\/3915\/revisions"}],"predecessor-version":[{"id":9984,"href":"https:\/\/www.tahitiplaisirs.com\/en\/wp-json\/wp\/v2\/product\/3915\/revisions\/9984"}],"wp:featuredmedia":[{"embeddable":true,"href":"https:\/\/www.tahitiplaisirs.com\/en\/wp-json\/wp\/v2\/media\/9982"}],"wp:attachment":[{"href":"https:\/\/www.tahitiplaisirs.com\/en\/wp-json\/wp\/v2\/media?parent=3915"}],"wp:term":[{"taxonomy":"product_brand","embeddable":true,"href":"https:\/\/www.tahitiplaisirs.com\/en\/wp-json\/wp\/v2\/product_brand?post=3915"},{"taxonomy":"product_cat","embeddable":true,"href":"https:\/\/www.tahitiplaisirs.com\/en\/wp-json\/wp\/v2\/product_cat?post=3915"},{"taxonomy":"product_tag","embeddable":true,"href":"https:\/\/www.tahitiplaisirs.com\/en\/wp-json\/wp\/v2\/product_tag?post=3915"}],"curies":[{"name":"wp","href":"https:\/\/api.w.org\/{rel}","templated":true}]}}