{"id":3917,"date":"2025-08-15T16:11:38","date_gmt":"2025-08-16T02:11:38","guid":{"rendered":"https:\/\/www.tahitiplaisirs.com\/?post_type=product&#038;p=3917"},"modified":"2026-03-21T14:22:06","modified_gmt":"2026-03-22T00:22:06","slug":"double-dong-thick-double-dildo-16-chair-406cm-o46cm","status":"publish","type":"product","link":"https:\/\/www.tahitiplaisirs.com\/en\/product\/double-dong-thick-double-dildo-16-chair-406cm-o46cm\/","title":{"rendered":"Thick Double Dildo 16&Prime; chair &#8211; 40,6cm \/ \u00d84,6cm"},"content":{"rendered":"","protected":false},"excerpt":{"rendered":"<p>Thick Double Dildo 16&Prime; de Pipedream &#8211; King Cock<\/p>\n<p>Le Thick Double Dildo fait 40,6cm de longueur pour un diam\u00e8tre de 4,6cm.<\/p>\n<p>Ses extr\u00e9mit\u00e9s sont parfaitement identiques et son corps vein\u00e9 ultra r\u00e9aliste.<\/p>\n<p>Avec sa grande souplesse, vous pourrez tester un nombre inimaginable de nouvelles positions, pour votre plus grand plaisir et celui de votre partenaire.<\/p>\n<p>Vous tomberez rapidement sous le charme de la texture des produits King Cock qui vous rappelleront la douceur, l&rsquo;\u00e9lasticit\u00e9, la souplesse et la duret\u00e9 d&rsquo;un v\u00e9ritable sexe masculin.<\/p>\n<p>Fabriqu\u00e9 dans un PVC sans phtalates, sans latex et hypoallerg\u00e9nique.<\/p>\n<p>Pour une utilisation optimale de votre sextoy, votre boutique Tahiti Plaisirs vous recommande d&rsquo;utiliser un lubrifiant \u00e0 base d&rsquo;eau.<\/p>\n<p>Veillez \u00e0 bien nettoyer votre sextoy avant et apr\u00e8s chaque utilisation.<\/p>","protected":false},"featured_media":7961,"template":"","meta":[],"product_brand":[94,125],"product_cat":[47],"product_tag":[],"class_list":{"0":"post-3917","1":"product","2":"type-product","3":"status-publish","4":"has-post-thumbnail","6":"product_brand-king-cock","7":"product_brand-pipedream","8":"product_cat-sextoys","11":"instock","12":"taxable","13":"shipping-taxable","14":"purchasable","15":"product-type-simple","16":"product-grid-view"},"_links":{"self":[{"href":"https:\/\/www.tahitiplaisirs.com\/en\/wp-json\/wp\/v2\/product\/3917","targetHints":{"allow":["GET"]}}],"collection":[{"href":"https:\/\/www.tahitiplaisirs.com\/en\/wp-json\/wp\/v2\/product"}],"about":[{"href":"https:\/\/www.tahitiplaisirs.com\/en\/wp-json\/wp\/v2\/types\/product"}],"version-history":[{"count":2,"href":"https:\/\/www.tahitiplaisirs.com\/en\/wp-json\/wp\/v2\/product\/3917\/revisions"}],"predecessor-version":[{"id":7993,"href":"https:\/\/www.tahitiplaisirs.com\/en\/wp-json\/wp\/v2\/product\/3917\/revisions\/7993"}],"wp:featuredmedia":[{"embeddable":true,"href":"https:\/\/www.tahitiplaisirs.com\/en\/wp-json\/wp\/v2\/media\/7961"}],"wp:attachment":[{"href":"https:\/\/www.tahitiplaisirs.com\/en\/wp-json\/wp\/v2\/media?parent=3917"}],"wp:term":[{"taxonomy":"product_brand","embeddable":true,"href":"https:\/\/www.tahitiplaisirs.com\/en\/wp-json\/wp\/v2\/product_brand?post=3917"},{"taxonomy":"product_cat","embeddable":true,"href":"https:\/\/www.tahitiplaisirs.com\/en\/wp-json\/wp\/v2\/product_cat?post=3917"},{"taxonomy":"product_tag","embeddable":true,"href":"https:\/\/www.tahitiplaisirs.com\/en\/wp-json\/wp\/v2\/product_tag?post=3917"}],"curies":[{"name":"wp","href":"https:\/\/api.w.org\/{rel}","templated":true}]}}