{"id":3920,"date":"2026-02-04T16:11:38","date_gmt":"2026-02-05T02:11:38","guid":{"rendered":"https:\/\/www.tahitiplaisirs.com\/?post_type=product&#038;p=3920"},"modified":"2026-02-24T13:07:06","modified_gmt":"2026-02-24T23:07:06","slug":"gode-plug-jill-violet-20cm","status":"publish","type":"product","link":"https:\/\/www.tahitiplaisirs.com\/en\/product\/gode-plug-jill-violet-20cm\/","title":{"rendered":"Gode + plug Jill violet 20cm"},"content":{"rendered":"","protected":false},"excerpt":{"rendered":"<p>Gode + plug Jill violet de Intense<\/p>\n<p>D\u00e9couvrez le vibromasseur\u00a0JILL\u00a0de la marque\u00a0INTENSE\u00a0, compagnon id\u00e9al pour tous les couples et individus souhaitant sublimer leur intimit\u00e9.<\/p>\n<p>D&rsquo;une \u00e9l\u00e9gante couleur\u00a0violette\u00a0, ce jouet\u00a0de 20 cm de longueur totale\u00a0, dont\u00a013,5 cm ins\u00e9rables\u00a0, s&rsquo;adapte parfaitement aux besoins de ceux qui recherchent une exp\u00e9rience sensuelle et agr\u00e9able.<\/p>\n<p>Son\u00a0\u00e9paisseur de 3 cm et sa hauteur de 9,8 cm\u00a0procurent une sensation compl\u00e8te, tandis que son design sculpt\u00e9 assure une stimulation efficace.<\/p>\n<p>Moteur Puissant et Silencieux\u00a0: Equip\u00e9 d&rsquo;un moteur performant, Jill vous offrira des vibrations intenses et agr\u00e9ables que vous pourrez facilement contr\u00f4ler avec sa t\u00e9l\u00e9commande, vous donnant la libert\u00e9 de vivre diverses sensations sans interruption.<\/p>","protected":false},"featured_media":10697,"template":"","meta":[],"product_brand":[102],"product_cat":[54,47],"product_tag":[],"class_list":{"0":"post-3920","1":"product","2":"type-product","3":"status-publish","4":"has-post-thumbnail","6":"product_brand-intense","7":"product_cat-godes-ceintures","8":"product_cat-sextoys","11":"instock","12":"taxable","13":"shipping-taxable","14":"purchasable","15":"product-type-simple","16":"product-grid-view"},"_links":{"self":[{"href":"https:\/\/www.tahitiplaisirs.com\/en\/wp-json\/wp\/v2\/product\/3920","targetHints":{"allow":["GET"]}}],"collection":[{"href":"https:\/\/www.tahitiplaisirs.com\/en\/wp-json\/wp\/v2\/product"}],"about":[{"href":"https:\/\/www.tahitiplaisirs.com\/en\/wp-json\/wp\/v2\/types\/product"}],"version-history":[{"count":3,"href":"https:\/\/www.tahitiplaisirs.com\/en\/wp-json\/wp\/v2\/product\/3920\/revisions"}],"predecessor-version":[{"id":10698,"href":"https:\/\/www.tahitiplaisirs.com\/en\/wp-json\/wp\/v2\/product\/3920\/revisions\/10698"}],"wp:featuredmedia":[{"embeddable":true,"href":"https:\/\/www.tahitiplaisirs.com\/en\/wp-json\/wp\/v2\/media\/10697"}],"wp:attachment":[{"href":"https:\/\/www.tahitiplaisirs.com\/en\/wp-json\/wp\/v2\/media?parent=3920"}],"wp:term":[{"taxonomy":"product_brand","embeddable":true,"href":"https:\/\/www.tahitiplaisirs.com\/en\/wp-json\/wp\/v2\/product_brand?post=3920"},{"taxonomy":"product_cat","embeddable":true,"href":"https:\/\/www.tahitiplaisirs.com\/en\/wp-json\/wp\/v2\/product_cat?post=3920"},{"taxonomy":"product_tag","embeddable":true,"href":"https:\/\/www.tahitiplaisirs.com\/en\/wp-json\/wp\/v2\/product_tag?post=3920"}],"curies":[{"name":"wp","href":"https:\/\/api.w.org\/{rel}","templated":true}]}}