{"id":3971,"date":"2025-08-15T16:11:42","date_gmt":"2025-08-16T02:11:42","guid":{"rendered":"https:\/\/www.tahitiplaisirs.com\/?post_type=product&#038;p=3971"},"modified":"2026-03-21T14:21:20","modified_gmt":"2026-03-22T00:21:20","slug":"anneau-simili-cuir-metal","status":"publish","type":"product","link":"https:\/\/www.tahitiplaisirs.com\/en\/product\/anneau-simili-cuir-metal\/","title":{"rendered":"Anneau simili cuir &#038; m\u00e9tal"},"content":{"rendered":"","protected":false},"excerpt":{"rendered":"<p>Cock ring simili cuir &amp; m\u00e9tal de Ohmama!<\/p>\n<p>Cet anneau p\u00e9nien est compos\u00e9 d&rsquo;une sangle en simili cuir r\u00e9glable et de 4 anneaux en m\u00e9tal de 4cm de diam\u00e8tre.<\/p>\n<p>L&rsquo;anneau en simili cuir est \u00e0 placer \u00e0 la base du sexe avant \u00e9rection, en vue de renforcer et de prolonger cette derni\u00e8re.<\/p>\n<p>Porter un anneau p\u00e9nien permet de retarder l&rsquo;\u00e9jaculation et ainsi accro\u00eetre le plaisir au moment de l&rsquo;orgasme.<\/p>\n<p>&nbsp;<\/p>","protected":false},"featured_media":7592,"template":"","meta":[],"product_brand":[],"product_cat":[68,47],"product_tag":[],"class_list":{"0":"post-3971","1":"product","2":"type-product","3":"status-publish","4":"has-post-thumbnail","6":"product_cat-anneaux","7":"product_cat-sextoys","10":"instock","11":"taxable","12":"shipping-taxable","13":"purchasable","14":"product-type-simple","15":"product-grid-view"},"_links":{"self":[{"href":"https:\/\/www.tahitiplaisirs.com\/en\/wp-json\/wp\/v2\/product\/3971","targetHints":{"allow":["GET"]}}],"collection":[{"href":"https:\/\/www.tahitiplaisirs.com\/en\/wp-json\/wp\/v2\/product"}],"about":[{"href":"https:\/\/www.tahitiplaisirs.com\/en\/wp-json\/wp\/v2\/types\/product"}],"version-history":[{"count":1,"href":"https:\/\/www.tahitiplaisirs.com\/en\/wp-json\/wp\/v2\/product\/3971\/revisions"}],"predecessor-version":[{"id":4001,"href":"https:\/\/www.tahitiplaisirs.com\/en\/wp-json\/wp\/v2\/product\/3971\/revisions\/4001"}],"wp:featuredmedia":[{"embeddable":true,"href":"https:\/\/www.tahitiplaisirs.com\/en\/wp-json\/wp\/v2\/media\/7592"}],"wp:attachment":[{"href":"https:\/\/www.tahitiplaisirs.com\/en\/wp-json\/wp\/v2\/media?parent=3971"}],"wp:term":[{"taxonomy":"product_brand","embeddable":true,"href":"https:\/\/www.tahitiplaisirs.com\/en\/wp-json\/wp\/v2\/product_brand?post=3971"},{"taxonomy":"product_cat","embeddable":true,"href":"https:\/\/www.tahitiplaisirs.com\/en\/wp-json\/wp\/v2\/product_cat?post=3971"},{"taxonomy":"product_tag","embeddable":true,"href":"https:\/\/www.tahitiplaisirs.com\/en\/wp-json\/wp\/v2\/product_tag?post=3971"}],"curies":[{"name":"wp","href":"https:\/\/api.w.org\/{rel}","templated":true}]}}