{"id":3976,"date":"2025-08-15T16:11:42","date_gmt":"2025-08-16T02:11:42","guid":{"rendered":"https:\/\/www.tahitiplaisirs.com\/?post_type=product&#038;p=3976"},"modified":"2026-02-24T15:19:08","modified_gmt":"2026-02-25T01:19:08","slug":"anneau-metallique-rainbow-ring-47mm","status":"publish","type":"product","link":"https:\/\/www.tahitiplaisirs.com\/en\/product\/anneau-metallique-rainbow-ring-47mm\/","title":{"rendered":"Anneau m\u00e9tallique rainbow ring 47mm"},"content":{"rendered":"","protected":false},"excerpt":{"rendered":"<p>Anneau m\u00e9tallique rainbow ring 47mm de Locked<\/p>\n<p>Voici un anneau de p\u00e9nis aux couleurs de l&rsquo;arc en ciel en acier inoxydable.<\/p>\n<p>L&rsquo;anneau se place \u00e0 la base du p\u00e9nis et il aura pour effet de renforcer l&rsquo;\u00e9rection tout en retardant l&rsquo;\u00e9jaculation.<\/p>\n<p>Pour qu&rsquo;une soir\u00e9e tr\u00e8s intense se prolonge pendant toute la nuit, ne pas oublier l&rsquo;utilisation d&rsquo;un cockring m\u00e9tallique !<\/p>","protected":false},"featured_media":9888,"template":"","meta":[],"product_brand":[140],"product_cat":[68,51],"product_tag":[],"class_list":{"0":"post-3976","1":"product","2":"type-product","3":"status-publish","4":"has-post-thumbnail","6":"product_brand-locked","7":"product_cat-anneaux","8":"product_cat-pour-lui","11":"instock","12":"taxable","13":"shipping-taxable","14":"purchasable","15":"product-type-simple","16":"product-grid-view"},"_links":{"self":[{"href":"https:\/\/www.tahitiplaisirs.com\/en\/wp-json\/wp\/v2\/product\/3976","targetHints":{"allow":["GET"]}}],"collection":[{"href":"https:\/\/www.tahitiplaisirs.com\/en\/wp-json\/wp\/v2\/product"}],"about":[{"href":"https:\/\/www.tahitiplaisirs.com\/en\/wp-json\/wp\/v2\/types\/product"}],"version-history":[{"count":5,"href":"https:\/\/www.tahitiplaisirs.com\/en\/wp-json\/wp\/v2\/product\/3976\/revisions"}],"predecessor-version":[{"id":9891,"href":"https:\/\/www.tahitiplaisirs.com\/en\/wp-json\/wp\/v2\/product\/3976\/revisions\/9891"}],"wp:featuredmedia":[{"embeddable":true,"href":"https:\/\/www.tahitiplaisirs.com\/en\/wp-json\/wp\/v2\/media\/9888"}],"wp:attachment":[{"href":"https:\/\/www.tahitiplaisirs.com\/en\/wp-json\/wp\/v2\/media?parent=3976"}],"wp:term":[{"taxonomy":"product_brand","embeddable":true,"href":"https:\/\/www.tahitiplaisirs.com\/en\/wp-json\/wp\/v2\/product_brand?post=3976"},{"taxonomy":"product_cat","embeddable":true,"href":"https:\/\/www.tahitiplaisirs.com\/en\/wp-json\/wp\/v2\/product_cat?post=3976"},{"taxonomy":"product_tag","embeddable":true,"href":"https:\/\/www.tahitiplaisirs.com\/en\/wp-json\/wp\/v2\/product_tag?post=3976"}],"curies":[{"name":"wp","href":"https:\/\/api.w.org\/{rel}","templated":true}]}}