{"id":3977,"date":"2025-08-15T16:11:42","date_gmt":"2025-08-16T02:11:42","guid":{"rendered":"https:\/\/www.tahitiplaisirs.com\/?post_type=product&#038;p=3977"},"modified":"2026-03-04T11:01:07","modified_gmt":"2026-03-04T21:01:07","slug":"combi-body-noir-kl-s-l","status":"publish","type":"product","link":"https:\/\/www.tahitiplaisirs.com\/en\/product\/combi-body-noir-kl-s-l\/","title":{"rendered":"Combi body noir KL S-L"},"content":{"rendered":"","protected":false},"excerpt":{"rendered":"<p>Combi body noir S-L de Killer Legs<\/p>\n<p><span dir=\"auto\">Un peu de paillettes, \u00e7a ne fait jamais de mal\u2026<\/span><\/p>\n<p><span dir=\"auto\">Combi body avec un d\u00e9collet\u00e9 plongeant, de fines bretelles et un tissu transparent r\u00e9sistant orn\u00e9 d&rsquo;un motif r\u00e9sille dans le dos.<\/span><\/p>\n<p><span dir=\"auto\">Une coupe courte avec des collants porte-jarretelles int\u00e9gr\u00e9s et son st<\/span><span dir=\"auto\">ring inclus.<\/span><\/p>\n<p><span dir=\"auto\">Composition\u00a0: 92\u00a0% nylon, 8\u00a0% \u00e9lasthanne<\/span><\/p>","protected":false},"featured_media":10354,"template":"","meta":[],"product_brand":[136],"product_cat":[73,74,63],"product_tag":[],"class_list":{"0":"post-3977","1":"product","2":"type-product","3":"status-publish","4":"has-post-thumbnail","6":"product_brand-killer-legs","7":"product_cat-lingerie-sexy","8":"product_cat-nuisettes-bodys-et-set","9":"product_cat-pour-elle","12":"instock","13":"sold-individually","14":"taxable","15":"shipping-taxable","16":"purchasable","17":"product-type-simple","18":"product-grid-view"},"_links":{"self":[{"href":"https:\/\/www.tahitiplaisirs.com\/en\/wp-json\/wp\/v2\/product\/3977","targetHints":{"allow":["GET"]}}],"collection":[{"href":"https:\/\/www.tahitiplaisirs.com\/en\/wp-json\/wp\/v2\/product"}],"about":[{"href":"https:\/\/www.tahitiplaisirs.com\/en\/wp-json\/wp\/v2\/types\/product"}],"version-history":[{"count":3,"href":"https:\/\/www.tahitiplaisirs.com\/en\/wp-json\/wp\/v2\/product\/3977\/revisions"}],"predecessor-version":[{"id":10366,"href":"https:\/\/www.tahitiplaisirs.com\/en\/wp-json\/wp\/v2\/product\/3977\/revisions\/10366"}],"wp:featuredmedia":[{"embeddable":true,"href":"https:\/\/www.tahitiplaisirs.com\/en\/wp-json\/wp\/v2\/media\/10354"}],"wp:attachment":[{"href":"https:\/\/www.tahitiplaisirs.com\/en\/wp-json\/wp\/v2\/media?parent=3977"}],"wp:term":[{"taxonomy":"product_brand","embeddable":true,"href":"https:\/\/www.tahitiplaisirs.com\/en\/wp-json\/wp\/v2\/product_brand?post=3977"},{"taxonomy":"product_cat","embeddable":true,"href":"https:\/\/www.tahitiplaisirs.com\/en\/wp-json\/wp\/v2\/product_cat?post=3977"},{"taxonomy":"product_tag","embeddable":true,"href":"https:\/\/www.tahitiplaisirs.com\/en\/wp-json\/wp\/v2\/product_tag?post=3977"}],"curies":[{"name":"wp","href":"https:\/\/api.w.org\/{rel}","templated":true}]}}