{"id":3990,"date":"2025-08-15T16:11:42","date_gmt":"2025-08-16T02:11:42","guid":{"rendered":"https:\/\/www.tahitiplaisirs.com\/?post_type=product&#038;p=3990"},"modified":"2026-03-21T14:21:12","modified_gmt":"2026-03-22T00:21:12","slug":"huile-shunga-romance-vin-petillant-a-la-fraise","status":"publish","type":"product","link":"https:\/\/www.tahitiplaisirs.com\/en\/product\/huile-shunga-romance-vin-petillant-a-la-fraise\/","title":{"rendered":"Huile Romance vin p\u00e9tillant \u00e0 la fraise"},"content":{"rendered":"","protected":false},"excerpt":{"rendered":"<p>Huile de massage \u00ab\u00a0Romance\u00a0\u00bb saveur vin p\u00e9tillant \u00e0 la fraise de Shunga Erotic Art<\/p>\n<p>D&rsquo;une douceur absolue, cette huile de massage glisse ais\u00e9ment sur le corps et procure une sensation des plus enveloppante.<\/p>\n<p>\u00c9veille les sens \u00e0 la r\u00e9ception amoureuse<\/p>\n<p>Aucune sensation grasse, ne t\u00e2che pas<\/p>\n<p>Versez une petite quantit\u00e9 dans la paume de la main et frottez les mains ensemble. L&rsquo;huile prendra la temp\u00e9rature du corps.<\/p>\n<p>Si d\u00e9sir\u00e9, vous pouvez chauffer l&rsquo;huile dans de l&rsquo;eau chaude avant l&rsquo;application.<\/p>\n<p>Contenance : 240 ml<\/p>\n<p>&nbsp;<\/p>","protected":false},"featured_media":7627,"template":"","meta":[],"product_brand":[90],"product_cat":[49,56],"product_tag":[],"class_list":{"0":"post-3990","1":"product","2":"type-product","3":"status-publish","4":"has-post-thumbnail","6":"product_brand-shunga-erotic-art","7":"product_cat-bien-etre","8":"product_cat-huiles","11":"instock","12":"taxable","13":"shipping-taxable","14":"purchasable","15":"product-type-simple","16":"product-grid-view"},"_links":{"self":[{"href":"https:\/\/www.tahitiplaisirs.com\/en\/wp-json\/wp\/v2\/product\/3990","targetHints":{"allow":["GET"]}}],"collection":[{"href":"https:\/\/www.tahitiplaisirs.com\/en\/wp-json\/wp\/v2\/product"}],"about":[{"href":"https:\/\/www.tahitiplaisirs.com\/en\/wp-json\/wp\/v2\/types\/product"}],"version-history":[{"count":2,"href":"https:\/\/www.tahitiplaisirs.com\/en\/wp-json\/wp\/v2\/product\/3990\/revisions"}],"predecessor-version":[{"id":7635,"href":"https:\/\/www.tahitiplaisirs.com\/en\/wp-json\/wp\/v2\/product\/3990\/revisions\/7635"}],"wp:featuredmedia":[{"embeddable":true,"href":"https:\/\/www.tahitiplaisirs.com\/en\/wp-json\/wp\/v2\/media\/7627"}],"wp:attachment":[{"href":"https:\/\/www.tahitiplaisirs.com\/en\/wp-json\/wp\/v2\/media?parent=3990"}],"wp:term":[{"taxonomy":"product_brand","embeddable":true,"href":"https:\/\/www.tahitiplaisirs.com\/en\/wp-json\/wp\/v2\/product_brand?post=3990"},{"taxonomy":"product_cat","embeddable":true,"href":"https:\/\/www.tahitiplaisirs.com\/en\/wp-json\/wp\/v2\/product_cat?post=3990"},{"taxonomy":"product_tag","embeddable":true,"href":"https:\/\/www.tahitiplaisirs.com\/en\/wp-json\/wp\/v2\/product_tag?post=3990"}],"curies":[{"name":"wp","href":"https:\/\/api.w.org\/{rel}","templated":true}]}}